{"id":10,"date":"2010-06-03T14:40:26","date_gmt":"2010-06-03T14:40:26","guid":{"rendered":"http:\/\/mxhoch3.de\/?page_id=10"},"modified":"2010-06-04T10:21:24","modified_gmt":"2010-06-04T10:21:24","slug":"trainer","status":"publish","type":"page","link":"http:\/\/mxhoch3.de\/?page_id=10","title":{"rendered":"Trainer"},"content":{"rendered":"<h2>Stefan Ludwig<\/h2>\n<p>Nun wird es erst einmal Zeit mich vorzustellen.  Seit \u00fcber     20 Jahren bin ich ein begeisterter Motocrossfahrer. Schon sehr fr\u00fch  habe ich begonnen mich mit dem Sport zu identifizieren. Durch hartes Training  und viel Ehrgeiz habe ich gro\u00dfe Erfolge erzielt.<\/p>\n<p>Zu meinen bedeutendsten geh\u00f6ren: der K\u00f6nig von  Brno (CZ), der K\u00f6nig von Goes (NL),\u00a0 der 15. Platz in der Europameisterschaft,  der 6. Platz in der 125ccm deutschen Meisterschaft, der 7-fache  Th\u00fcringenmeister, der 3. Platz bei ISPO-Summergames sowie zahlreiche andere Erfolge.<\/p>\n<p>Durch diese Siege habe ich mir einen internationalen Namen erk\u00e4mpft.  Schon oft wurde ich durch meine gro\u00dfe Erfahrung als Trainer f\u00fcr den  Motocross &#8211; Nachwuchs angagiert . Nun m\u00f6chte ich mein Wissen an andere     Motorsportbegeisterte weitergeben. Als Trainer stehe ich Dir in verschiedensten Lehrg\u00e4ngen zur Seite.<\/p>\n<p><a href=\"http:\/\/mxhoch3.de\/wp-content\/uploads\/2010\/06\/neopixx_stefan1.jpg\" rel=\"lightbox[10]\"><img loading=\"lazy\" src=\"http:\/\/mxhoch3.de\/wp-content\/uploads\/2010\/06\/neopixx_stefan1.jpg\" alt=\"\" title=\"neopixx_stefan1\" width=\"425\" height=\"285\" class=\"aligncenter size-full wp-image-199\" srcset=\"http:\/\/mxhoch3.de\/wp-content\/uploads\/2010\/06\/neopixx_stefan1.jpg 425w, http:\/\/mxhoch3.de\/wp-content\/uploads\/2010\/06\/neopixx_stefan1-300x201.jpg 300w\" sizes=\"(max-width: 425px) 100vw, 425px\" \/><\/a><\/p>\n","protected":false},"excerpt":{"rendered":"<p>Stefan Ludwig Nun wird es erst einmal Zeit mich vorzustellen. Seit \u00fcber 20 Jahren bin ich ein begeisterter Motocrossfahrer. Schon sehr fr\u00fch habe ich begonnen mich mit dem Sport zu identifizieren. Durch hartes Training und viel Ehrgeiz habe ich gro\u00dfe Erfolge erzielt. Zu meinen bedeutendsten geh\u00f6ren: der K\u00f6nig von Brno (CZ), der K\u00f6nig von Goes [&hellip;]<\/p>\n","protected":false},"author":1,"featured_media":0,"parent":0,"menu_order":0,"comment_status":"closed","ping_status":"open","template":"page_with_sidebar.php","meta":{"_mc_calendar":[]},"_links":{"self":[{"href":"http:\/\/mxhoch3.de\/index.php?rest_route=\/wp\/v2\/pages\/10"}],"collection":[{"href":"http:\/\/mxhoch3.de\/index.php?rest_route=\/wp\/v2\/pages"}],"about":[{"href":"http:\/\/mxhoch3.de\/index.php?rest_route=\/wp\/v2\/types\/page"}],"author":[{"embeddable":true,"href":"http:\/\/mxhoch3.de\/index.php?rest_route=\/wp\/v2\/users\/1"}],"replies":[{"embeddable":true,"href":"http:\/\/mxhoch3.de\/index.php?rest_route=%2Fwp%2Fv2%2Fcomments&post=10"}],"version-history":[{"count":7,"href":"http:\/\/mxhoch3.de\/index.php?rest_route=\/wp\/v2\/pages\/10\/revisions"}],"predecessor-version":[{"id":211,"href":"http:\/\/mxhoch3.de\/index.php?rest_route=\/wp\/v2\/pages\/10\/revisions\/211"}],"wp:attachment":[{"href":"http:\/\/mxhoch3.de\/index.php?rest_route=%2Fwp%2Fv2%2Fmedia&parent=10"}],"curies":[{"name":"wp","href":"https:\/\/api.w.org\/{rel}","templated":true}]}}