{"id":2,"date":"2010-05-29T14:33:49","date_gmt":"2010-05-29T14:33:49","guid":{"rendered":"http:\/\/mxhoch3.de\/?page_id=2"},"modified":"2010-06-14T15:28:12","modified_gmt":"2010-06-14T15:28:12","slug":"eine-seite","status":"publish","type":"page","link":"http:\/\/mxhoch3.de\/?page_id=2","title":{"rendered":"Lehrg\u00e4nge"},"content":{"rendered":"<h2>Training der Extraklasse<\/h2>\n<p>Du trainierst regelm\u00e4\u00dfig? Doch irgendwie geht es nicht voran, Du bist unzufrieden und m\u00f6chtest mehr erreichen?<\/p>\n<p>Fehlt Dir die richtige Technik oder vielleicht die Motivation, die  Dich nach vorn bringt. Ich biete Dir mein Wissen und meine Erfahrung an,  um Dir zu zeigen wie Du das Beste aus Dir herausholst.<\/p>\n<p>In verschiedensten Formen biete ich Dir Lehrg\u00e4nge in ganz  Deutschland an. Du kannst in\u00a0 Gruppen- oder Privatlehrg\u00e4ngen Deine Technik  verbessern, Deine Kondition steigern und Dein potential zum Sieg erh\u00f6hen. Auch  Lehrg\u00e4nge mit anderen professionellen Fahrern stehen auf dem Plan.<\/p>\n<p>Der Terminkalender informiert Dich \u00fcber alle aktuellen Lehrg\u00e4nge (  Achso!     Wen es interessiert, der findet hier auch meine geplanten  Renntermine.).     Findest Du nicht den passenden Termin oder die passende Strecke, dann  klick     einfach <a href=\"http:\/\/mxhoch3.de\/?page_id=117\">hier!!!<\/a><\/p>\n<p><a href=\"http:\/\/mxhoch3.de\/wp-content\/uploads\/2010\/05\/neopixx_stefan2.jpg\" rel=\"lightbox[2]\"><img loading=\"lazy\" src=\"http:\/\/mxhoch3.de\/wp-content\/uploads\/2010\/05\/neopixx_stefan2.jpg\" alt=\"\" title=\"neopixx_stefan2\" width=\"425\" height=\"284\" class=\"alignright size-full wp-image-204\" srcset=\"http:\/\/mxhoch3.de\/wp-content\/uploads\/2010\/05\/neopixx_stefan2.jpg 425w, http:\/\/mxhoch3.de\/wp-content\/uploads\/2010\/05\/neopixx_stefan2-300x200.jpg 300w\" sizes=\"(max-width: 425px) 100vw, 425px\" \/><\/a><\/p>\n","protected":false},"excerpt":{"rendered":"<p>Training der Extraklasse Du trainierst regelm\u00e4\u00dfig? Doch irgendwie geht es nicht voran, Du bist unzufrieden und m\u00f6chtest mehr erreichen? Fehlt Dir die richtige Technik oder vielleicht die Motivation, die Dich nach vorn bringt. Ich biete Dir mein Wissen und meine Erfahrung an, um Dir zu zeigen wie Du das Beste aus Dir herausholst. In verschiedensten [&hellip;]<\/p>\n","protected":false},"author":1,"featured_media":0,"parent":0,"menu_order":0,"comment_status":"closed","ping_status":"open","template":"page_with_sidebar.php","meta":{"_mc_calendar":[]},"_links":{"self":[{"href":"http:\/\/mxhoch3.de\/index.php?rest_route=\/wp\/v2\/pages\/2"}],"collection":[{"href":"http:\/\/mxhoch3.de\/index.php?rest_route=\/wp\/v2\/pages"}],"about":[{"href":"http:\/\/mxhoch3.de\/index.php?rest_route=\/wp\/v2\/types\/page"}],"author":[{"embeddable":true,"href":"http:\/\/mxhoch3.de\/index.php?rest_route=\/wp\/v2\/users\/1"}],"replies":[{"embeddable":true,"href":"http:\/\/mxhoch3.de\/index.php?rest_route=%2Fwp%2Fv2%2Fcomments&post=2"}],"version-history":[{"count":8,"href":"http:\/\/mxhoch3.de\/index.php?rest_route=\/wp\/v2\/pages\/2\/revisions"}],"predecessor-version":[{"id":275,"href":"http:\/\/mxhoch3.de\/index.php?rest_route=\/wp\/v2\/pages\/2\/revisions\/275"}],"wp:attachment":[{"href":"http:\/\/mxhoch3.de\/index.php?rest_route=%2Fwp%2Fv2%2Fmedia&parent=2"}],"curies":[{"name":"wp","href":"https:\/\/api.w.org\/{rel}","templated":true}]}}