{"id":2342,"date":"2019-12-06T13:05:12","date_gmt":"2019-12-06T13:05:12","guid":{"rendered":"http:\/\/mxhoch3.de\/?page_id=2342"},"modified":"2024-01-16T18:48:05","modified_gmt":"2024-01-16T18:48:05","slug":"ostercampcamp-in-teutschenthal","status":"publish","type":"page","link":"http:\/\/mxhoch3.de\/?page_id=2342","title":{"rendered":"Ostercamp in Teutschenthal"},"content":{"rendered":"<p><a href=\"http:\/\/mxhoch3.de\/wp-content\/uploads\/2014\/01\/bild-Ansicht-Strecke-top.jpeg\" rel=\"lightbox[2342]\"><img loading=\"lazy\" class=\"alignright size-medium wp-image-1796\" src=\"http:\/\/mxhoch3.de\/wp-content\/uploads\/2014\/01\/bild-Ansicht-Strecke-top-300x204.jpeg\" alt=\"bild Ansicht Strecke top\" width=\"300\" height=\"204\" srcset=\"http:\/\/mxhoch3.de\/wp-content\/uploads\/2014\/01\/bild-Ansicht-Strecke-top-300x204.jpeg 300w, http:\/\/mxhoch3.de\/wp-content\/uploads\/2014\/01\/bild-Ansicht-Strecke-top-1024x698.jpeg 1024w, http:\/\/mxhoch3.de\/wp-content\/uploads\/2014\/01\/bild-Ansicht-Strecke-top-96x65.jpeg 96w, http:\/\/mxhoch3.de\/wp-content\/uploads\/2014\/01\/bild-Ansicht-Strecke-top-38x25.jpeg 38w, http:\/\/mxhoch3.de\/wp-content\/uploads\/2014\/01\/bild-Ansicht-Strecke-top-315x215.jpeg 315w, http:\/\/mxhoch3.de\/wp-content\/uploads\/2014\/01\/bild-Ansicht-Strecke-top-128x87.jpeg 128w, http:\/\/mxhoch3.de\/wp-content\/uploads\/2014\/01\/bild-Ansicht-Strecke-top.jpeg 1100w\" sizes=\"(max-width: 300px) 100vw, 300px\" \/><\/a><\/p>\n<p>4 Tage Ostercamp in Teutschenthal sind schon sehr reizvoll, vor allem wenn man es als Vorbereitung f\u00fcr die Saison nutzt.<\/p>\n<p>Ich werde Dich auf der schnellen WM-Strecke in Teutschenthal genausten beobachten um die in den 4 Tagen optimal auf die Saison vorzubereiten.<\/p>\n<p># auf die Grundtechniken in Kurven, auf Geraden, beim Schalten und beim Springen<\/p>\n<p># auf Kurventechniken ; insbesondere Anlieger, Spurrinnen und flache Kurven<\/p>\n<p><img loading=\"lazy\" class=\"alignright size-full wp-image-345\" src=\"http:\/\/mxhoch3.de\/wp-content\/uploads\/2010\/08\/strecke_teutschenthal.jpg\" alt=\"strecke_teutschenthal\" width=\"300\" height=\"200\" \/><\/p>\n<p># Trainieren von Spr\u00fcngen; unter anderem<b> <\/b>das Korrigieren des Motorrads in der Luft durch Hinterradbremse und Gas, das \u201eSchlucken\u201c eines Sprungs um keine Geschwindigkeit zu verlieren und das Einfedern um maximale H\u00f6he und Weite zu erzielen.<\/p>\n<p># Ziel des Trainings sind, die hier die gelernten Techniken anzuwenden und zu festigen und das Anpassen an Rennbedingungen mit entsprechendem Training , welches\u00a0 das \u00dcberholen und taktisches Fahren beinhaltet.<\/p>\n<p>Der Termin ist vom 2. bis 5. April 2024 (Di-Fr)<\/p>\n<p>Trainiert wird im Wechsel von 45 min um Pause und fahren bestens zu vereinen<a href=\"http:\/\/mxhoch3.de\/wp-content\/uploads\/2014\/01\/bild-Aufw\u00e4rmung-top.jpeg\" rel=\"lightbox[2342]\"><img loading=\"lazy\" class=\"alignright size-medium wp-image-1797\" src=\"http:\/\/mxhoch3.de\/wp-content\/uploads\/2014\/01\/bild-Aufw\u00e4rmung-top-300x196.jpeg\" alt=\"bild Aufw\u00e4rmung top\" width=\"300\" height=\"196\" srcset=\"http:\/\/mxhoch3.de\/wp-content\/uploads\/2014\/01\/bild-Aufw\u00e4rmung-top-300x196.jpeg 300w, http:\/\/mxhoch3.de\/wp-content\/uploads\/2014\/01\/bild-Aufw\u00e4rmung-top-1024x669.jpeg 1024w, http:\/\/mxhoch3.de\/wp-content\/uploads\/2014\/01\/bild-Aufw\u00e4rmung-top-96x62.jpeg 96w, http:\/\/mxhoch3.de\/wp-content\/uploads\/2014\/01\/bild-Aufw\u00e4rmung-top-38x24.jpeg 38w, http:\/\/mxhoch3.de\/wp-content\/uploads\/2014\/01\/bild-Aufw\u00e4rmung-top-328x215.jpeg 328w, http:\/\/mxhoch3.de\/wp-content\/uploads\/2014\/01\/bild-Aufw\u00e4rmung-top-128x83.jpeg 128w, http:\/\/mxhoch3.de\/wp-content\/uploads\/2014\/01\/bild-Aufw\u00e4rmung-top.jpeg 1914w\" sizes=\"(max-width: 300px) 100vw, 300px\" \/><\/a><\/p>\n<blockquote><p><a href=\"https:\/\/forms.gle\/AQ35Vqn7FgiWGJHD7\">&gt;&gt;&gt;hier geht es zur Anmeldung&lt;&lt;&lt;<\/a><\/p><\/blockquote>\n<p>Der Preis f\u00fcr den 4 -Tages -Lehrgang pro Teilnehmer betr\u00e4gt 270\u20ac . Streckennebenkosten von 100\u20ac werden vor Ort in Bar kassiert<\/p>\n<p>Im Preis enthalten sind die Kosten f\u00fcr das Training MXhoch3 Stefan Ludwig, Bei den Streckennebenkosten sind die Streckengeb\u00fchr und eine \u00dcberraschung.<\/p>\n<p>Bei \u00dcbernachtung auf der Strecke sind pro Fahrzeug und \u00dcbernachtung\u00a0 10,-\u20ac\u00a0 an den MSC\u00a0 Teutschenthal zu entrichten. Die Geb\u00fchr schlie\u00dft Strom\/WC\/Duschen und die Nutzung des Waschplatzes ein.<\/p>\n<p>&nbsp;<\/p>\n<p>Mit sportlichen Gr\u00fc\u00dfen<\/p>\n<p>MX3 Stefan<\/p>\n<p>&nbsp;<\/p>\n<p>&nbsp;<\/p>\n","protected":false},"excerpt":{"rendered":"<p>4 Tage Ostercamp in Teutschenthal sind schon sehr reizvoll, vor allem wenn man es als Vorbereitung f\u00fcr die Saison nutzt. Ich werde Dich auf der schnellen WM-Strecke in Teutschenthal genausten beobachten um die in den 4 Tagen optimal auf die Saison vorzubereiten. # auf die Grundtechniken in Kurven, auf Geraden, beim Schalten und beim Springen [&hellip;]<\/p>\n","protected":false},"author":2,"featured_media":0,"parent":0,"menu_order":0,"comment_status":"closed","ping_status":"closed","template":"page_with_sidebar.php","meta":{"_mc_calendar":[]},"_links":{"self":[{"href":"http:\/\/mxhoch3.de\/index.php?rest_route=\/wp\/v2\/pages\/2342"}],"collection":[{"href":"http:\/\/mxhoch3.de\/index.php?rest_route=\/wp\/v2\/pages"}],"about":[{"href":"http:\/\/mxhoch3.de\/index.php?rest_route=\/wp\/v2\/types\/page"}],"author":[{"embeddable":true,"href":"http:\/\/mxhoch3.de\/index.php?rest_route=\/wp\/v2\/users\/2"}],"replies":[{"embeddable":true,"href":"http:\/\/mxhoch3.de\/index.php?rest_route=%2Fwp%2Fv2%2Fcomments&post=2342"}],"version-history":[{"count":8,"href":"http:\/\/mxhoch3.de\/index.php?rest_route=\/wp\/v2\/pages\/2342\/revisions"}],"predecessor-version":[{"id":3664,"href":"http:\/\/mxhoch3.de\/index.php?rest_route=\/wp\/v2\/pages\/2342\/revisions\/3664"}],"wp:attachment":[{"href":"http:\/\/mxhoch3.de\/index.php?rest_route=%2Fwp%2Fv2%2Fmedia&parent=2342"}],"curies":[{"name":"wp","href":"https:\/\/api.w.org\/{rel}","templated":true}]}}