{"id":2388,"date":"2020-03-12T12:12:32","date_gmt":"2020-03-12T12:12:32","guid":{"rendered":"http:\/\/mxhoch3.de\/?page_id=2388"},"modified":"2022-05-23T15:26:58","modified_gmt":"2022-05-23T15:26:58","slug":"pfingstlehrgang-in-arnstein-3-tage","status":"publish","type":"page","link":"http:\/\/mxhoch3.de\/?page_id=2388","title":{"rendered":"Pfingstlehrgang in Arnstein 3 Tage"},"content":{"rendered":"<p><img loading=\"lazy\" class=\"alignright size-medium wp-image-1918\" src=\"http:\/\/mxhoch3.de\/wp-content\/uploads\/2017\/06\/mxhoch3-035-fb-300x192.jpg\" alt=\"\" width=\"300\" height=\"192\" srcset=\"http:\/\/mxhoch3.de\/wp-content\/uploads\/2017\/06\/mxhoch3-035-fb-300x192.jpg 300w, http:\/\/mxhoch3.de\/wp-content\/uploads\/2017\/06\/mxhoch3-035-fb-1024x656.jpg 1024w, http:\/\/mxhoch3.de\/wp-content\/uploads\/2017\/06\/mxhoch3-035-fb-96x61.jpg 96w, http:\/\/mxhoch3.de\/wp-content\/uploads\/2017\/06\/mxhoch3-035-fb-38x24.jpg 38w, http:\/\/mxhoch3.de\/wp-content\/uploads\/2017\/06\/mxhoch3-035-fb-335x215.jpg 335w, http:\/\/mxhoch3.de\/wp-content\/uploads\/2017\/06\/mxhoch3-035-fb-128x82.jpg 128w, http:\/\/mxhoch3.de\/wp-content\/uploads\/2017\/06\/mxhoch3-035-fb.jpg 2048w\" sizes=\"(max-width: 300px) 100vw, 300px\" \/>Dieses Jahr bin ich wieder in Arnstein vom 13. bis 15. Juni 2022. Die Strecke z\u00e4hlt mit zu meinen Lieblingsstrecken und bietet uns zum Training viele verschiedene Sektionen, Spr\u00fcnge, Kurven und Geraden. Das Training findet \u00fcber 3 Tage statt und baut euch von Grund auf, wenn die Kr\u00e4fte etwas weniger werden gehen wir in Richtung Sprungtechnik.\u00a0 Wir teilen die Gruppen so ein, dass es f\u00fcr jeden passt. Mitmachen kann jeder der Interesse hat was zu lernen, egal Kinder oder Erwachsene oder Anf\u00e4nger und Fortgeschrittene.<\/p>\n<p><img loading=\"lazy\" class=\"alignright size-medium wp-image-2390\" src=\"http:\/\/mxhoch3.de\/wp-content\/uploads\/2020\/03\/bild1-300x225.jpg\" alt=\"\" width=\"300\" height=\"225\" srcset=\"http:\/\/mxhoch3.de\/wp-content\/uploads\/2020\/03\/bild1-300x225.jpg 300w, http:\/\/mxhoch3.de\/wp-content\/uploads\/2020\/03\/bild1-768x576.jpg 768w, http:\/\/mxhoch3.de\/wp-content\/uploads\/2020\/03\/bild1-1024x768.jpg 1024w, http:\/\/mxhoch3.de\/wp-content\/uploads\/2020\/03\/bild1.jpg 1599w\" sizes=\"(max-width: 300px) 100vw, 300px\" \/>Also worauf wartet Ihr noch, das wird riesig werden!<\/p>\n<blockquote><p><a href=\"http:\/\/mxhoch3.de\/wp-content\/uploads\/2022\/03\/Ausschreibung-Pfingsten-Arnstein-2022.doc\">&gt;&gt;&gt;hier geht es zur Anmeldung&lt;&lt;&lt;<\/a><\/p><\/blockquote>\n<p>&nbsp;<\/p>\n<p>ride on Stefan<\/p>\n","protected":false},"excerpt":{"rendered":"<p>Dieses Jahr bin ich wieder in Arnstein vom 13. bis 15. Juni 2022. Die Strecke z\u00e4hlt mit zu meinen Lieblingsstrecken und bietet uns zum Training viele verschiedene Sektionen, Spr\u00fcnge, Kurven und Geraden. Das Training findet \u00fcber 3 Tage statt und baut euch von Grund auf, wenn die Kr\u00e4fte etwas weniger werden gehen wir in Richtung [&hellip;]<\/p>\n","protected":false},"author":2,"featured_media":0,"parent":0,"menu_order":0,"comment_status":"closed","ping_status":"closed","template":"page_with_sidebar.php","meta":{"_mc_calendar":[]},"_links":{"self":[{"href":"http:\/\/mxhoch3.de\/index.php?rest_route=\/wp\/v2\/pages\/2388"}],"collection":[{"href":"http:\/\/mxhoch3.de\/index.php?rest_route=\/wp\/v2\/pages"}],"about":[{"href":"http:\/\/mxhoch3.de\/index.php?rest_route=\/wp\/v2\/types\/page"}],"author":[{"embeddable":true,"href":"http:\/\/mxhoch3.de\/index.php?rest_route=\/wp\/v2\/users\/2"}],"replies":[{"embeddable":true,"href":"http:\/\/mxhoch3.de\/index.php?rest_route=%2Fwp%2Fv2%2Fcomments&post=2388"}],"version-history":[{"count":8,"href":"http:\/\/mxhoch3.de\/index.php?rest_route=\/wp\/v2\/pages\/2388\/revisions"}],"predecessor-version":[{"id":3285,"href":"http:\/\/mxhoch3.de\/index.php?rest_route=\/wp\/v2\/pages\/2388\/revisions\/3285"}],"wp:attachment":[{"href":"http:\/\/mxhoch3.de\/index.php?rest_route=%2Fwp%2Fv2%2Fmedia&parent=2388"}],"curies":[{"name":"wp","href":"https:\/\/api.w.org\/{rel}","templated":true}]}}