{"id":3058,"date":"2021-06-25T09:01:29","date_gmt":"2021-06-25T09:01:29","guid":{"rendered":"http:\/\/mxhoch3.de\/?page_id=3058"},"modified":"2021-06-28T16:10:01","modified_gmt":"2021-06-28T16:10:01","slug":"sommercamp-schenkenkorst","status":"publish","type":"page","link":"http:\/\/mxhoch3.de\/?page_id=3058","title":{"rendered":"Sommercamp in Schenkenkorst"},"content":{"rendered":"<p><a href=\"http:\/\/mxhoch3.de\/wp-content\/uploads\/2021\/06\/Schenkenhorst_Track_1-1.jpg\" rel=\"lightbox[3058]\"><img loading=\"lazy\" class=\"alignnone size-medium wp-image-3061\" src=\"http:\/\/mxhoch3.de\/wp-content\/uploads\/2021\/06\/Schenkenhorst_Track_1-1-300x200.jpg\" alt=\"\" width=\"300\" height=\"200\" srcset=\"http:\/\/mxhoch3.de\/wp-content\/uploads\/2021\/06\/Schenkenhorst_Track_1-1-300x200.jpg 300w, http:\/\/mxhoch3.de\/wp-content\/uploads\/2021\/06\/Schenkenhorst_Track_1-1-1024x682.jpg 1024w, http:\/\/mxhoch3.de\/wp-content\/uploads\/2021\/06\/Schenkenhorst_Track_1-1-768x512.jpg 768w, http:\/\/mxhoch3.de\/wp-content\/uploads\/2021\/06\/Schenkenhorst_Track_1-1.jpg 1400w\" sizes=\"(max-width: 300px) 100vw, 300px\" \/><\/a><\/p>\n<p>Zum ersten Mal sind wir auf der wundersch\u00f6nen Strecke in Schenkenhorst. Die Anlage ist perfekt angelegt. Neben einer dauerhaften Bew\u00e4sserung, seperater Kinderstrecke, WC und Duschen ist die Strecke auch gigantisch. In einem etwas tieferen Sandteil und einer nicht so tiefen H\u00e4lfte der Strecke wird die Strecke f\u00fcr uns vorbereitet. Auch Staub sollte kein Problem sein. Neben super Kurven und Anliegern sind auch eine Vielzahl von Spr\u00fcngen da&#8230; riesige Spr\u00fcnge. Das Training wird eurer Technik angepasst und ihr werdet den Fortschritt in den 3 Tagen merken.<\/p>\n<p><a href=\"http:\/\/mxhoch3.de\/wp-content\/uploads\/2021\/06\/Schenkenhorst_Track_2.jpg\" rel=\"lightbox[3058]\"><img loading=\"lazy\" class=\"alignnone size-medium wp-image-3060\" src=\"http:\/\/mxhoch3.de\/wp-content\/uploads\/2021\/06\/Schenkenhorst_Track_2-300x200.jpg\" alt=\"\" width=\"300\" height=\"200\" srcset=\"http:\/\/mxhoch3.de\/wp-content\/uploads\/2021\/06\/Schenkenhorst_Track_2-300x200.jpg 300w, http:\/\/mxhoch3.de\/wp-content\/uploads\/2021\/06\/Schenkenhorst_Track_2-1024x682.jpg 1024w, http:\/\/mxhoch3.de\/wp-content\/uploads\/2021\/06\/Schenkenhorst_Track_2-768x512.jpg 768w, http:\/\/mxhoch3.de\/wp-content\/uploads\/2021\/06\/Schenkenhorst_Track_2.jpg 1400w\" sizes=\"(max-width: 300px) 100vw, 300px\" \/><\/a><\/p>\n<p>Der Termin ist vom 10. bis 12.8.2021 und die Kosten werden f\u00fcr den Lehrgang 180\u20ac und f\u00fcr die Strecke 75\u20ac sein.<\/p>\n<blockquote><p><a href=\"http:\/\/mxhoch3.de\/wp-content\/uploads\/2021\/06\/2021-Schenkenhorst-1.doc\">&gt;&gt;&gt;hier geht es zur Anmeldung&lt;&lt;&lt;<\/a><\/p><\/blockquote>\n<p>Ihr k\u00f6nnt auch das Sommercamp in Schenkenhort mit Urlaub in Potsdam verbinden, eine sehr sch\u00f6ne Gegend mit viel Wasser!<\/p>\n<p>Also meldet euch an<\/p>\n<p>Euer Stefan<\/p>\n<p>&nbsp;<\/p>\n","protected":false},"excerpt":{"rendered":"<p>Zum ersten Mal sind wir auf der wundersch\u00f6nen Strecke in Schenkenhorst. Die Anlage ist perfekt angelegt. Neben einer dauerhaften Bew\u00e4sserung, seperater Kinderstrecke, WC und Duschen ist die Strecke auch gigantisch. In einem etwas tieferen Sandteil und einer nicht so tiefen H\u00e4lfte der Strecke wird die Strecke f\u00fcr uns vorbereitet. Auch Staub sollte kein Problem sein. [&hellip;]<\/p>\n","protected":false},"author":2,"featured_media":0,"parent":0,"menu_order":0,"comment_status":"closed","ping_status":"closed","template":"page_with_sidebar.php","meta":{"_mc_calendar":[]},"_links":{"self":[{"href":"http:\/\/mxhoch3.de\/index.php?rest_route=\/wp\/v2\/pages\/3058"}],"collection":[{"href":"http:\/\/mxhoch3.de\/index.php?rest_route=\/wp\/v2\/pages"}],"about":[{"href":"http:\/\/mxhoch3.de\/index.php?rest_route=\/wp\/v2\/types\/page"}],"author":[{"embeddable":true,"href":"http:\/\/mxhoch3.de\/index.php?rest_route=\/wp\/v2\/users\/2"}],"replies":[{"embeddable":true,"href":"http:\/\/mxhoch3.de\/index.php?rest_route=%2Fwp%2Fv2%2Fcomments&post=3058"}],"version-history":[{"count":5,"href":"http:\/\/mxhoch3.de\/index.php?rest_route=\/wp\/v2\/pages\/3058\/revisions"}],"predecessor-version":[{"id":3070,"href":"http:\/\/mxhoch3.de\/index.php?rest_route=\/wp\/v2\/pages\/3058\/revisions\/3070"}],"wp:attachment":[{"href":"http:\/\/mxhoch3.de\/index.php?rest_route=%2Fwp%2Fv2%2Fmedia&parent=3058"}],"curies":[{"name":"wp","href":"https:\/\/api.w.org\/{rel}","templated":true}]}}