{"id":3116,"date":"2021-10-05T09:14:35","date_gmt":"2021-10-05T09:14:35","guid":{"rendered":"http:\/\/mxhoch3.de\/?page_id=3116"},"modified":"2025-06-21T12:57:09","modified_gmt":"2025-06-21T12:57:09","slug":"herbstcamp-in-italien","status":"publish","type":"page","link":"http:\/\/mxhoch3.de\/?page_id=3116","title":{"rendered":"Silvesterlehrgang in Italien"},"content":{"rendered":"<p><a href=\"http:\/\/mxhoch3.de\/wp-content\/uploads\/2021\/10\/CROSSODROMO-santa-barbara-2.jpg\" rel=\"lightbox[3116]\"><img loading=\"lazy\" class=\"alignnone size-medium wp-image-3120\" src=\"http:\/\/mxhoch3.de\/wp-content\/uploads\/2021\/10\/CROSSODROMO-santa-barbara-2-300x169.jpg\" alt=\"\" width=\"300\" height=\"169\" srcset=\"http:\/\/mxhoch3.de\/wp-content\/uploads\/2021\/10\/CROSSODROMO-santa-barbara-2-300x169.jpg 300w, http:\/\/mxhoch3.de\/wp-content\/uploads\/2021\/10\/CROSSODROMO-santa-barbara-2-768x432.jpg 768w, http:\/\/mxhoch3.de\/wp-content\/uploads\/2021\/10\/CROSSODROMO-santa-barbara-2.jpg 1000w\" sizes=\"(max-width: 300px) 100vw, 300px\" \/><\/a><\/p>\n<p>Dieses Jahr werden wir nach Weihnachten nach Italien gehen, sogar weiter nach S\u00fcden um dem guten Wetter etwas entgegen zu fahren. Vom 29. Dezember bis 2. Januar werden wir uns auf 2, f\u00fcr uns mega, Strecken in den Bergen aufhalten. Am Montag\/Dienstag gehen wir Chiusdino. Eine Mega Strecke am Hang gelegen mt echt super Spr\u00fcngen und auch Kurven macht sie richtig Spa\u00df.<\/p>\n<p>Die n\u00e4chste Strecke ist nur 8 km vom Strand entfernt und kann am Mittwoch die K\u00fcste genie\u00dfen. Ab Donnerstag sind wir dann noch 2 Tage im Motocrosspark Malandrone.\u00a0 Ihr k\u00f6nnt schon mal schauen wo es ist, aber sp\u00e4testens wenn ihr euch angemeldet habt, bekommt ihr die Strecken per WhatsApp Gruppe zugeschickt. Warum so weit unten fragt Ihr euch, weil dort einfach das Wetter besser ist und wir aus der Poebene raus sind, auch die Strecken sind nicht so gewohnt flach, sondern in den Bergen. Wer auf ein paar sch\u00f6ne Tage Lust hat, sollte das nicht verpassen! <a href=\"http:\/\/mxhoch3.de\/wp-content\/uploads\/2021\/10\/santa-Barbara-2.jpg\" rel=\"lightbox[3116]\"><img loading=\"lazy\" class=\"alignnone size-medium wp-image-3119\" src=\"http:\/\/mxhoch3.de\/wp-content\/uploads\/2021\/10\/santa-Barbara-2-300x225.jpg\" alt=\"\" width=\"300\" height=\"225\" srcset=\"http:\/\/mxhoch3.de\/wp-content\/uploads\/2021\/10\/santa-Barbara-2-300x225.jpg 300w, http:\/\/mxhoch3.de\/wp-content\/uploads\/2021\/10\/santa-Barbara-2-768x576.jpg 768w, http:\/\/mxhoch3.de\/wp-content\/uploads\/2021\/10\/santa-Barbara-2.jpg 960w\" sizes=\"(max-width: 300px) 100vw, 300px\" \/><\/a><\/p>\n<p>In Chiusdino und Malandrone kann man auch mittags auf italienische Art versorgt werden.<\/p>\n<p>&nbsp;<\/p>\n<p><a href=\"http:\/\/mxhoch3.de\/wp-content\/uploads\/2021\/10\/malandrone_11.jpg\" rel=\"lightbox[3116]\"><img loading=\"lazy\" class=\"alignnone size-medium wp-image-3118\" src=\"http:\/\/mxhoch3.de\/wp-content\/uploads\/2021\/10\/malandrone_11-300x300.jpg\" alt=\"\" width=\"300\" height=\"300\" srcset=\"http:\/\/mxhoch3.de\/wp-content\/uploads\/2021\/10\/malandrone_11-300x300.jpg 300w, http:\/\/mxhoch3.de\/wp-content\/uploads\/2021\/10\/malandrone_11-150x150.jpg 150w, http:\/\/mxhoch3.de\/wp-content\/uploads\/2021\/10\/malandrone_11-768x768.jpg 768w, http:\/\/mxhoch3.de\/wp-content\/uploads\/2021\/10\/malandrone_11.jpg 810w\" sizes=\"(max-width: 300px) 100vw, 300px\" \/><\/a><\/p>\n<p>Wir machen die Bezahlung dann vor Ort wieder, damit keiner vorher bezahlt und Angst hat nichts daf\u00fcr zu bekommen.<\/p>\n<p>Kosten sind 330\u20ac der Lehrgang und 100\u20ac die Strecken. Bezahlung vor Ort.<\/p>\n<p>Termin 29.12.2024 bis 2.1.2025:<\/p>\n<blockquote><p><a href=\"https:\/\/forms.gle\/4hpKZoJFh8CXZhxWA\">&gt;&gt;&gt;hier gehts zur Anmeldung&lt;&lt;&lt;<\/a><\/p><\/blockquote>\n<p>Euer Team von MX\u00b3<\/p>\n","protected":false},"excerpt":{"rendered":"<p>Dieses Jahr werden wir nach Weihnachten nach Italien gehen, sogar weiter nach S\u00fcden um dem guten Wetter etwas entgegen zu fahren. Vom 29. Dezember bis 2. Januar werden wir uns auf 2, f\u00fcr uns mega, Strecken in den Bergen aufhalten. Am Montag\/Dienstag gehen wir Chiusdino. Eine Mega Strecke am Hang gelegen mt echt super Spr\u00fcngen [&hellip;]<\/p>\n","protected":false},"author":2,"featured_media":0,"parent":0,"menu_order":0,"comment_status":"closed","ping_status":"closed","template":"page_with_sidebar.php","meta":{"_mc_calendar":[]},"_links":{"self":[{"href":"http:\/\/mxhoch3.de\/index.php?rest_route=\/wp\/v2\/pages\/3116"}],"collection":[{"href":"http:\/\/mxhoch3.de\/index.php?rest_route=\/wp\/v2\/pages"}],"about":[{"href":"http:\/\/mxhoch3.de\/index.php?rest_route=\/wp\/v2\/types\/page"}],"author":[{"embeddable":true,"href":"http:\/\/mxhoch3.de\/index.php?rest_route=\/wp\/v2\/users\/2"}],"replies":[{"embeddable":true,"href":"http:\/\/mxhoch3.de\/index.php?rest_route=%2Fwp%2Fv2%2Fcomments&post=3116"}],"version-history":[{"count":12,"href":"http:\/\/mxhoch3.de\/index.php?rest_route=\/wp\/v2\/pages\/3116\/revisions"}],"predecessor-version":[{"id":3905,"href":"http:\/\/mxhoch3.de\/index.php?rest_route=\/wp\/v2\/pages\/3116\/revisions\/3905"}],"wp:attachment":[{"href":"http:\/\/mxhoch3.de\/index.php?rest_route=%2Fwp%2Fv2%2Fmedia&parent=3116"}],"curies":[{"name":"wp","href":"https:\/\/api.w.org\/{rel}","templated":true}]}}