{"id":3650,"date":"2024-01-10T15:57:08","date_gmt":"2024-01-10T15:57:08","guid":{"rendered":"http:\/\/mxhoch3.de\/?page_id=3650"},"modified":"2025-02-23T08:48:40","modified_gmt":"2025-02-23T08:48:40","slug":"3-tage-pfingstlehrgang-in-konstanz","status":"publish","type":"page","link":"http:\/\/mxhoch3.de\/?page_id=3650","title":{"rendered":"3 Tage Pfingstlehrgang in Konstanz"},"content":{"rendered":"<p><a href=\"http:\/\/mxhoch3.de\/wp-content\/uploads\/2024\/01\/strecke-konstanz-1.jpg\" rel=\"lightbox[3650]\"><img loading=\"lazy\" class=\"alignleft size-medium wp-image-3653\" src=\"http:\/\/mxhoch3.de\/wp-content\/uploads\/2024\/01\/strecke-konstanz-1-300x210.jpg\" alt=\"\" width=\"300\" height=\"210\" srcset=\"http:\/\/mxhoch3.de\/wp-content\/uploads\/2024\/01\/strecke-konstanz-1-300x210.jpg 300w, http:\/\/mxhoch3.de\/wp-content\/uploads\/2024\/01\/strecke-konstanz-1.jpg 600w\" sizes=\"(max-width: 300px) 100vw, 300px\" \/><\/a>Auch dieses Jahr werde ich zu Pfingsten nach Konstanz zum Lehrgang fahren. Vom 10. bis 12. Juni 2025 werden wir vor Ort sein. Konstanz ist eine Hartbodenstrecke und bietet viele Vorz\u00fcge, f\u00fcr die Gr\u00f6\u00dfe der Anlage auch perfekt ausgenutzt und bietet viele verschiedene Techniken. Die gro\u00dfe Strecke ist mit Bew\u00e4sserung und hat flache und Anliegerkurven, genauso verschiedene Spr\u00fcnge sind vorhanden. Die zweite Strecke, Kinderstrecke ist ca 2km entfernt wo wir \u00fcbernachten werden. An der Kinderstrecke sind WC\/Dusche\/Strom und Wasser vorhanden. Auch eine Halle ist vorhanden wo wir die Video-Auswertung machen werden. Also eine echt perfekte Anlage! 3 Tage sind perfekt um euch aufzubauen von den Basic \u00fcber Kurven bis zum Springen. Der Lehrgang ist ohne Verpflegung. Mehr Details bei der Anmeldebest\u00e4tigung.<a href=\"http:\/\/mxhoch3.de\/wp-content\/uploads\/2024\/01\/strecke-konstanz-4.jpg\" rel=\"lightbox[3650]\"><img loading=\"lazy\" class=\"alignright size-medium wp-image-3655\" src=\"http:\/\/mxhoch3.de\/wp-content\/uploads\/2024\/01\/strecke-konstanz-4-300x200.jpg\" alt=\"\" width=\"300\" height=\"200\" srcset=\"http:\/\/mxhoch3.de\/wp-content\/uploads\/2024\/01\/strecke-konstanz-4-300x200.jpg 300w, http:\/\/mxhoch3.de\/wp-content\/uploads\/2024\/01\/strecke-konstanz-4.jpg 640w\" sizes=\"(max-width: 300px) 100vw, 300px\" \/><\/a><\/p>\n<p>Zum Training werden wir wie gewohnt euch fordern damit Ihr was lernen werdet, mein 4er Startgatter bringe ich nat\u00fcrlich mit um auch Starts und eventuell Zweik\u00e4mpfe zu \u00fcben.<\/p>\n<p>Termin vom 10. bis 12. Juni 2025<\/p>\n<p>F\u00fcr Anf\u00e4nger und Fortgeschrittene von 50 bis Open, <strong>kein<\/strong> Quad oder Seitenwagen.<\/p>\n<p>&nbsp;<\/p>\n<p><a href=\"http:\/\/mxhoch3.de\/wp-content\/uploads\/2024\/01\/strecke-konstanz-5.jpg\" rel=\"lightbox[3650]\"><img loading=\"lazy\" class=\"alignleft size-medium wp-image-3656\" src=\"http:\/\/mxhoch3.de\/wp-content\/uploads\/2024\/01\/strecke-konstanz-5-300x200.jpg\" alt=\"\" width=\"300\" height=\"200\" srcset=\"http:\/\/mxhoch3.de\/wp-content\/uploads\/2024\/01\/strecke-konstanz-5-300x200.jpg 300w, http:\/\/mxhoch3.de\/wp-content\/uploads\/2024\/01\/strecke-konstanz-5.jpg 640w\" sizes=\"(max-width: 300px) 100vw, 300px\" \/><\/a>Preis f\u00fcr das Training ist 240\u20ac, f\u00fcr die Strecke, Bew\u00e4sserung, Strom, WC, Wasser und Dusche sind 75\u20ac an der Strecke in bar f\u00e4llig. Vereinsfahrer brauchen keine Streckengeb\u00fchr zu zahlen.<\/p>\n<p>&nbsp;<\/p>\n<blockquote><p><a href=\"https:\/\/forms.gle\/HMwj59bgnEjJwPh5A\">&gt;&gt;&gt;hier geht es zur Anmeldung&lt;&lt;&lt;<\/a><\/p><\/blockquote>\n<p>ride on Stefan<\/p>\n<p>&nbsp;<\/p>\n<p>&nbsp;<\/p>\n<p>&nbsp;<\/p>\n","protected":false},"excerpt":{"rendered":"<p>Auch dieses Jahr werde ich zu Pfingsten nach Konstanz zum Lehrgang fahren. Vom 10. bis 12. Juni 2025 werden wir vor Ort sein. Konstanz ist eine Hartbodenstrecke und bietet viele Vorz\u00fcge, f\u00fcr die Gr\u00f6\u00dfe der Anlage auch perfekt ausgenutzt und bietet viele verschiedene Techniken. Die gro\u00dfe Strecke ist mit Bew\u00e4sserung und hat flache und Anliegerkurven, [&hellip;]<\/p>\n","protected":false},"author":2,"featured_media":0,"parent":0,"menu_order":0,"comment_status":"closed","ping_status":"closed","template":"page_with_sidebar.php","meta":{"_mc_calendar":[]},"_links":{"self":[{"href":"http:\/\/mxhoch3.de\/index.php?rest_route=\/wp\/v2\/pages\/3650"}],"collection":[{"href":"http:\/\/mxhoch3.de\/index.php?rest_route=\/wp\/v2\/pages"}],"about":[{"href":"http:\/\/mxhoch3.de\/index.php?rest_route=\/wp\/v2\/types\/page"}],"author":[{"embeddable":true,"href":"http:\/\/mxhoch3.de\/index.php?rest_route=\/wp\/v2\/users\/2"}],"replies":[{"embeddable":true,"href":"http:\/\/mxhoch3.de\/index.php?rest_route=%2Fwp%2Fv2%2Fcomments&post=3650"}],"version-history":[{"count":8,"href":"http:\/\/mxhoch3.de\/index.php?rest_route=\/wp\/v2\/pages\/3650\/revisions"}],"predecessor-version":[{"id":3874,"href":"http:\/\/mxhoch3.de\/index.php?rest_route=\/wp\/v2\/pages\/3650\/revisions\/3874"}],"wp:attachment":[{"href":"http:\/\/mxhoch3.de\/index.php?rest_route=%2Fwp%2Fv2%2Fmedia&parent=3650"}],"curies":[{"name":"wp","href":"https:\/\/api.w.org\/{rel}","templated":true}]}}