{"id":3804,"date":"2024-11-20T09:56:18","date_gmt":"2024-11-20T09:56:18","guid":{"rendered":"http:\/\/mxhoch3.de\/?page_id=3804"},"modified":"2025-01-21T11:52:29","modified_gmt":"2025-01-21T11:52:29","slug":"3-tage-wintercamp-beim-mc-vellahn","status":"publish","type":"page","link":"http:\/\/mxhoch3.de\/?page_id=3804","title":{"rendered":"3 Tage Wintercamp beim MC Vellahn"},"content":{"rendered":"<p><a href=\"http:\/\/mxhoch3.de\/wp-content\/uploads\/2022\/04\/Strecke-3.jpg\" rel=\"lightbox[3804]\"><img loading=\"lazy\" class=\"size-full wp-image-3307 alignright\" src=\"http:\/\/mxhoch3.de\/wp-content\/uploads\/2022\/04\/Strecke-3.jpg\" alt=\"\" width=\"720\" height=\"158\" srcset=\"http:\/\/mxhoch3.de\/wp-content\/uploads\/2022\/04\/Strecke-3.jpg 720w, http:\/\/mxhoch3.de\/wp-content\/uploads\/2022\/04\/Strecke-3-300x66.jpg 300w\" sizes=\"(max-width: 720px) 100vw, 720px\" \/><\/a><\/p>\n<p>Dieses Jahr probieren wir ein Wintercamp in Vellahn zu machen, der einzige der es verhindern kann, ist das Wetter. Wer nichts plant kann aber nichts machen. in diesen Zeitraum haben einige Bundesl\u00e4nder Ferien und die Zeit ist zu kurz nach Spanien zu fahren, ausserdem sollen es 20 Grad werden im Winter \ud83d\ude42 . Vellahn ist eine Super Trainingsstrecke wo man sehr viele\u00a0 Strecken abschnitte durchtrainieren kann, auch die Strecke wird sich im Winter schneller kaputt fahren und wir k\u00f6nnen auch Techniken \u00fcber Wellen trainieren. Wie gesagt, es wird Februar sein und das Wetter k\u00f6nnen wir nicht vorher sagen, aber wenn ein gutes Training m\u00f6glich ist und ihr was lernen k\u00f6nnt, dann f\u00fchren wir es durch, wenn Frost, viel Regen gemeldet oder auch die Strecke <a href=\"http:\/\/mxhoch3.de\/wp-content\/uploads\/2022\/04\/Strecke-4.jpg\" rel=\"lightbox[3804]\"><img loading=\"lazy\" class=\"alignnone size-full wp-image-3308\" src=\"http:\/\/mxhoch3.de\/wp-content\/uploads\/2022\/04\/Strecke-4.jpg\" alt=\"\" width=\"960\" height=\"211\" srcset=\"http:\/\/mxhoch3.de\/wp-content\/uploads\/2022\/04\/Strecke-4.jpg 960w, http:\/\/mxhoch3.de\/wp-content\/uploads\/2022\/04\/Strecke-4-300x66.jpg 300w, http:\/\/mxhoch3.de\/wp-content\/uploads\/2022\/04\/Strecke-4-768x169.jpg 768w\" sizes=\"(max-width: 960px) 100vw, 960px\" \/><\/a>abgesoffen ist, dann wird das Training abgesagt. Wenn es abgesagt wird dann kommen nat\u00fcrlich keine Kosten auf euch drauf zu.<\/p>\n<p>Also schaut es euch mal an und reserviert ein Platz f\u00fcr euch!<\/p>\n<p><a href=\"http:\/\/mxhoch3.de\/wp-content\/uploads\/2022\/04\/Strecke-5.jpg\" rel=\"lightbox[3804]\"><img loading=\"lazy\" class=\"alignright size-medium wp-image-3309\" src=\"http:\/\/mxhoch3.de\/wp-content\/uploads\/2022\/04\/Strecke-5-300x225.jpg\" alt=\"\" width=\"300\" height=\"225\" srcset=\"http:\/\/mxhoch3.de\/wp-content\/uploads\/2022\/04\/Strecke-5-300x225.jpg 300w, http:\/\/mxhoch3.de\/wp-content\/uploads\/2022\/04\/Strecke-5-1024x768.jpg 1024w, http:\/\/mxhoch3.de\/wp-content\/uploads\/2022\/04\/Strecke-5-768x576.jpg 768w, http:\/\/mxhoch3.de\/wp-content\/uploads\/2022\/04\/Strecke-5-1536x1152.jpg 1536w, http:\/\/mxhoch3.de\/wp-content\/uploads\/2022\/04\/Strecke-5.jpg 1600w\" sizes=\"(max-width: 300px) 100vw, 300px\" \/><\/a><\/p>\n<p>Termin ist der 4. bis 6. Februar 2025<\/p>\n<blockquote><p>&gt;&gt;&gt;hier geht es zur Anmeldung&lt;&lt;&lt;<\/p><\/blockquote>\n<p>ride on Stefan<\/p>\n","protected":false},"excerpt":{"rendered":"<p>Dieses Jahr probieren wir ein Wintercamp in Vellahn zu machen, der einzige der es verhindern kann, ist das Wetter. Wer nichts plant kann aber nichts machen. in diesen Zeitraum haben einige Bundesl\u00e4nder Ferien und die Zeit ist zu kurz nach Spanien zu fahren, ausserdem sollen es 20 Grad werden im Winter \ud83d\ude42 . Vellahn ist [&hellip;]<\/p>\n","protected":false},"author":2,"featured_media":0,"parent":0,"menu_order":0,"comment_status":"closed","ping_status":"closed","template":"page_with_sidebar.php","meta":{"_mc_calendar":[]},"_links":{"self":[{"href":"http:\/\/mxhoch3.de\/index.php?rest_route=\/wp\/v2\/pages\/3804"}],"collection":[{"href":"http:\/\/mxhoch3.de\/index.php?rest_route=\/wp\/v2\/pages"}],"about":[{"href":"http:\/\/mxhoch3.de\/index.php?rest_route=\/wp\/v2\/types\/page"}],"author":[{"embeddable":true,"href":"http:\/\/mxhoch3.de\/index.php?rest_route=\/wp\/v2\/users\/2"}],"replies":[{"embeddable":true,"href":"http:\/\/mxhoch3.de\/index.php?rest_route=%2Fwp%2Fv2%2Fcomments&post=3804"}],"version-history":[{"count":2,"href":"http:\/\/mxhoch3.de\/index.php?rest_route=\/wp\/v2\/pages\/3804\/revisions"}],"predecessor-version":[{"id":3836,"href":"http:\/\/mxhoch3.de\/index.php?rest_route=\/wp\/v2\/pages\/3804\/revisions\/3836"}],"wp:attachment":[{"href":"http:\/\/mxhoch3.de\/index.php?rest_route=%2Fwp%2Fv2%2Fmedia&parent=3804"}],"curies":[{"name":"wp","href":"https:\/\/api.w.org\/{rel}","templated":true}]}}