{"id":4041,"date":"2026-03-02T10:17:25","date_gmt":"2026-03-02T10:17:25","guid":{"rendered":"https:\/\/mxhoch3.de\/?page_id=4041"},"modified":"2026-03-02T10:27:09","modified_gmt":"2026-03-02T10:27:09","slug":"supercross-und-motocross-lehrgang-in-graefentonna","status":"publish","type":"page","link":"http:\/\/mxhoch3.de\/?page_id=4041","title":{"rendered":"Supercross und Motocross Lehrgang in Gr\u00e4fentonna"},"content":{"rendered":"<p><a href=\"http:\/\/mxhoch3.de\/wp-content\/uploads\/2026\/03\/Streckenansicht-Graefentonna.jpg\" rel=\"lightbox[4041]\"><img loading=\"lazy\" class=\"alignright size-medium wp-image-4042\" src=\"http:\/\/mxhoch3.de\/wp-content\/uploads\/2026\/03\/Streckenansicht-Graefentonna-198x300.jpg\" alt=\"\" width=\"198\" height=\"300\" srcset=\"http:\/\/mxhoch3.de\/wp-content\/uploads\/2026\/03\/Streckenansicht-Graefentonna-198x300.jpg 198w, http:\/\/mxhoch3.de\/wp-content\/uploads\/2026\/03\/Streckenansicht-Graefentonna.jpg 609w\" sizes=\"(max-width: 198px) 100vw, 198px\" \/><\/a>Dieses Jahr gehen wir zum ersten Mal nach Gr\u00e4fentonna. Gr\u00e4fentonna ist ein Schlaraffenland was den Motocross angeht, sie haben eine gro\u00dfe Motocrossstrecke mit Anliegern, flachen Kurven, Spr\u00fcngen und Geraden wo wir viele Techniken von euch noch weiter verbessern k\u00f6nnen. Eine Supercross Strecke, wo auch die SX-Series ausgetragen wird, mit Doppelspr\u00fcngen, Tripple, Waschbrett und ON-OFF Sektionen. F\u00fcr die Spr\u00fcnge ist nat\u00fcrlich auch der Kurvenspeed wichtig. Auch das \u00dcberholen auf einer so engen Strecke wird besprochen und trainiert. Eine Bew\u00e4sserung sollte f\u00fcr perfekte Bedingungen sorgen. Ihr k\u00f6nnt euch aussuchen was f\u00fcr euch interessant ist. Ob Motocross oder Supercross k\u00f6nnt Ihr in der Anmeldung angeben. Beim Motocross ist jeder willkommen ob jung oder alt, Anf\u00e4nger oder Fortgeschritten! Beim Supercross solltet ihr schon etwas Erfahrung haben, weil es nicht grad ungef\u00e4hrlich ist.<\/p>\n<p>Die Strecke bietet euch des Weiteren noch eine Anf\u00e4ngerstrecke. Auch WC, K\u00e4rcherplatz und Strom (Entgeld) ist vorhanden.<\/p>\n<p>&nbsp;<\/p>\n<p>Unser Termin ist vom 15. bis 17. Mai 2026, am 14.5. kann auch schon ab 16 Uhr angereist werden.<\/p>\n<p>Kosten sind 210\u20ac Lehrgangsgeb\u00fchr exklusive 60\u20ac f\u00fcr MX und 90\u20ac f\u00fcr SX Streckengeb\u00fchr. Vereinsmitglieder brauchen nat\u00fcrlich keine Streckengeb\u00fchr zu bezahlen. Bezahlung bar vor Ort.<\/p>\n<p><a href=\"https:\/\/forms.gle\/oTvWGLK1zp4zuA518\">&gt;&gt;&gt;hier geht es zur Anmeldung&lt;&lt;&lt;<\/a><\/p>\n<p>Worauf wartet Ihr noch, nutzt die Chance euch 3 Tage fit zu machen.<\/p>\n<p>Euer Stefan<\/p>\n","protected":false},"excerpt":{"rendered":"<p>Dieses Jahr gehen wir zum ersten Mal nach Gr\u00e4fentonna. Gr\u00e4fentonna ist ein Schlaraffenland was den Motocross angeht, sie haben eine gro\u00dfe Motocrossstrecke mit Anliegern, flachen Kurven, Spr\u00fcngen und Geraden wo wir viele Techniken von euch noch weiter verbessern k\u00f6nnen. Eine Supercross Strecke, wo auch die SX-Series ausgetragen wird, mit Doppelspr\u00fcngen, Tripple, Waschbrett und ON-OFF Sektionen. [&hellip;]<\/p>\n","protected":false},"author":2,"featured_media":0,"parent":0,"menu_order":0,"comment_status":"closed","ping_status":"closed","template":"page_with_sidebar.php","meta":{"_mc_calendar":[]},"_links":{"self":[{"href":"http:\/\/mxhoch3.de\/index.php?rest_route=\/wp\/v2\/pages\/4041"}],"collection":[{"href":"http:\/\/mxhoch3.de\/index.php?rest_route=\/wp\/v2\/pages"}],"about":[{"href":"http:\/\/mxhoch3.de\/index.php?rest_route=\/wp\/v2\/types\/page"}],"author":[{"embeddable":true,"href":"http:\/\/mxhoch3.de\/index.php?rest_route=\/wp\/v2\/users\/2"}],"replies":[{"embeddable":true,"href":"http:\/\/mxhoch3.de\/index.php?rest_route=%2Fwp%2Fv2%2Fcomments&post=4041"}],"version-history":[{"count":6,"href":"http:\/\/mxhoch3.de\/index.php?rest_route=\/wp\/v2\/pages\/4041\/revisions"}],"predecessor-version":[{"id":4049,"href":"http:\/\/mxhoch3.de\/index.php?rest_route=\/wp\/v2\/pages\/4041\/revisions\/4049"}],"wp:attachment":[{"href":"http:\/\/mxhoch3.de\/index.php?rest_route=%2Fwp%2Fv2%2Fmedia&parent=4041"}],"curies":[{"name":"wp","href":"https:\/\/api.w.org\/{rel}","templated":true}]}}