{"id":154,"date":"2010-06-04T09:00:23","date_gmt":"2010-06-04T09:00:23","guid":{"rendered":"http:\/\/mxhoch3.de\/?page_id=154"},"modified":"2023-05-24T14:48:50","modified_gmt":"2023-05-24T14:48:50","slug":"private-lehrgange","status":"publish","type":"page","link":"https:\/\/mxhoch3.de\/?page_id=154","title":{"rendered":"private Lehrg\u00e4nge"},"content":{"rendered":"<h2>Nutze Deine Chance<\/h2>\n<p>In einem gro\u00dfen Team trainieren macht sehr viel Spa\u00df, doch manchmal hast Du vielleicht das Gef\u00fchl das nicht alle Deine Fragen 100% beantwortet wurden. Wenn Du daher schon immer mal Deinen ganz pers\u00f6nlichen Lehrgang, der Deine Fragen\u00a0 konkret beantwortet, mitmachen wolltest dann melde Dich doch einfach mal bei mir.<\/p>\n<p>Ich biete Dir\u00a0 einen lehrreichen auf Dich angepassten privaten Lehrgang an. Nutze Deine Chance und verbringe einen erlebnisreichen Tag mit mir. Die Kosten f\u00fcr solch einen Lehrgang findest du hier.<\/p>\n<table id=\"AutoNumber1\" border=\"0\" width=\"100%\" cellspacing=\"1\">\n<tbody>\n<tr>\n<td align=\"center\" width=\"33%\">Personen<\/td>\n<td style=\"text-align: center;\" align=\"center\" width=\"33%\">Preis pro Person\/1 Tag<\/td>\n<td style=\"text-align: center;\" width=\"0%\">\u00a0Preis pro Person\/halber Tag<\/td>\n<td width=\"34%\"><\/td>\n<\/tr>\n<tr>\n<td align=\"center\" bgcolor=\"#e8e8e8\" width=\"33%\">1<\/td>\n<td align=\"center\" bgcolor=\"#e8e8e8\" width=\"33%\">400,-\u20ac<\/td>\n<td align=\"center\" bgcolor=\"#e8e8e8\" width=\"33%\">200,-\u20ac<\/td>\n<td width=\"34%\"><\/td>\n<\/tr>\n<tr>\n<td align=\"center\" width=\"33%\">2<\/td>\n<td align=\"center\" width=\"33%\">220,-\u20ac<\/td>\n<td style=\"text-align: center;\" width=\"0%\">\u00a0110,-\u20ac<\/td>\n<td width=\"34%\"><\/td>\n<\/tr>\n<tr>\n<td align=\"center\" bgcolor=\"#e8e8e8\" width=\"33%\">3<\/td>\n<td align=\"center\" bgcolor=\"#e8e8e8\" width=\"33%\">150,-\u20ac<\/td>\n<td align=\"center\" bgcolor=\"#e8e8e8\" width=\"33%\">75,-\u20ac<\/td>\n<td width=\"34%\"><\/td>\n<\/tr>\n<tr>\n<td align=\"center\" width=\"33%\">4<\/td>\n<td align=\"center\" width=\"33%\">120,-\u20ac<\/td>\n<td style=\"text-align: center;\" width=\"0%\">\u00a060,-\u20ac<\/td>\n<td width=\"34%\"><\/td>\n<\/tr>\n<tr>\n<td align=\"center\" bgcolor=\"#e8e8e8\" width=\"33%\">5<\/td>\n<td align=\"center\" bgcolor=\"#e8e8e8\" width=\"33%\">100,-\u20ac<\/td>\n<td align=\"center\" bgcolor=\"#e8e8e8\" width=\"33%\">50,-\u20ac<\/td>\n<td width=\"34%\"><\/td>\n<\/tr>\n<tr>\n<td align=\"center\" width=\"33%\">6<\/td>\n<td align=\"center\" width=\"33%\">85,-\u20ac<\/td>\n<td align=\"center\" width=\"0%\">45,-\u20ac<\/td>\n<td align=\"center\" width=\"33%\"><\/td>\n<\/tr>\n<tr>\n<td colspan=\"3\" align=\"center\" width=\"100%\">Halber Tag w\u00e4re von 9 bis 13 Uhr oder 15 bis 19 Uhr!<\/td>\n<\/tr>\n<tr>\n<td colspan=\"3\" align=\"center\" width=\"100%\">F\u00fcr die An- und Abreise werden 40 Cent\/km berechnet!<\/td>\n<\/tr>\n<\/tbody>\n<\/table>\n","protected":false},"excerpt":{"rendered":"<p>Nutze Deine Chance In einem gro\u00dfen Team trainieren macht sehr viel Spa\u00df, doch manchmal hast Du vielleicht das Gef\u00fchl das nicht alle Deine Fragen 100% beantwortet wurden. Wenn Du daher schon immer mal Deinen ganz pers\u00f6nlichen Lehrgang, der Deine Fragen\u00a0 konkret beantwortet, mitmachen wolltest dann melde Dich doch einfach mal bei mir. Ich biete Dir\u00a0 [&hellip;]<\/p>\n","protected":false},"author":2,"featured_media":0,"parent":2,"menu_order":2,"comment_status":"open","ping_status":"open","template":"page_with_sidebar.php","meta":{"_mc_calendar":[]},"_links":{"self":[{"href":"https:\/\/mxhoch3.de\/index.php?rest_route=\/wp\/v2\/pages\/154"}],"collection":[{"href":"https:\/\/mxhoch3.de\/index.php?rest_route=\/wp\/v2\/pages"}],"about":[{"href":"https:\/\/mxhoch3.de\/index.php?rest_route=\/wp\/v2\/types\/page"}],"author":[{"embeddable":true,"href":"https:\/\/mxhoch3.de\/index.php?rest_route=\/wp\/v2\/users\/2"}],"replies":[{"embeddable":true,"href":"https:\/\/mxhoch3.de\/index.php?rest_route=%2Fwp%2Fv2%2Fcomments&post=154"}],"version-history":[{"count":13,"href":"https:\/\/mxhoch3.de\/index.php?rest_route=\/wp\/v2\/pages\/154\/revisions"}],"predecessor-version":[{"id":3554,"href":"https:\/\/mxhoch3.de\/index.php?rest_route=\/wp\/v2\/pages\/154\/revisions\/3554"}],"up":[{"embeddable":true,"href":"https:\/\/mxhoch3.de\/index.php?rest_route=\/wp\/v2\/pages\/2"}],"wp:attachment":[{"href":"https:\/\/mxhoch3.de\/index.php?rest_route=%2Fwp%2Fv2%2Fmedia&parent=154"}],"curies":[{"name":"wp","href":"https:\/\/api.w.org\/{rel}","templated":true}]}}