{"id":160,"date":"2010-06-04T09:04:51","date_gmt":"2010-06-04T09:04:51","guid":{"rendered":"http:\/\/mxhoch3.de\/?page_id=160"},"modified":"2010-06-14T15:30:04","modified_gmt":"2010-06-14T15:30:04","slug":"kondition","status":"publish","type":"page","link":"https:\/\/mxhoch3.de\/?page_id=160","title":{"rendered":"Kondition"},"content":{"rendered":"<h2>Power die Dir so schnell keiner nimmt !<\/h2>\n<p><a href=\"http:\/\/mxhoch3.de\/wp-content\/uploads\/2010\/06\/stefan_sport1.gif\" rel=\"lightbox[160]\"><img loading=\"lazy\" class=\"alignnone size-medium wp-image-161\" title=\"stefan_sport1\" src=\"http:\/\/mxhoch3.de\/wp-content\/uploads\/2010\/06\/stefan_sport1-300x70.gif\" alt=\"\" width=\"300\" height=\"70\" srcset=\"https:\/\/mxhoch3.de\/wp-content\/uploads\/2010\/06\/stefan_sport1-300x70.gif 300w, https:\/\/mxhoch3.de\/wp-content\/uploads\/2010\/06\/stefan_sport1.gif 425w\" sizes=\"(max-width: 300px) 100vw, 300px\" \/><\/a><\/p>\n<p>Zum Motocross geh\u00f6rt nicht nur das Motorrad fahren! Es geh\u00f6rt viel  mehr     dazu, denn es\u00a0 ist nur ein Teil vom t\u00e4glichem Training. Einer der     wichtigsten Teile ist hierbei die k\u00f6rperliche Fitness. Dazu geh\u00f6ren  die     Kondition, Koordination und Reaktion welche st\u00e4ndig trainiert werden  m\u00fcssen     um sicher Motorrad zufahren. Das Wichtigste ist die Kondition, denn  wenn der     K\u00f6rper seine Energie verliert dann lassen auch Konzentration und  Reaktion     nach. St\u00fcrze und Leistungsabfall sind unvermeidbare Folgen. Ich biete  Dir an     bewusst Dein Training zu verbessern und Deine Fitness konsequent\u00a0 zu     steigern. Meine Erfahrung an Olympia- St\u00fctzpunkten und die  Zusammenarbeitet     mit einem Physiotherapeuten garantieren Dir Power die Dir so schnell  keiner     nimmt.<\/p>\n<p>Wenn Du mindestens 14 Jahre alt bist , Spa\u00df am Training  hast und     Deine Erfolge verbessern willst, dann &#8222;klick&#8220; auf meine Angebote um  das     richtige f\u00fcr Dich zu finden.<\/p>\n","protected":false},"excerpt":{"rendered":"<p>Power die Dir so schnell keiner nimmt ! Zum Motocross geh\u00f6rt nicht nur das Motorrad fahren! Es geh\u00f6rt viel mehr dazu, denn es\u00a0 ist nur ein Teil vom t\u00e4glichem Training. Einer der wichtigsten Teile ist hierbei die k\u00f6rperliche Fitness. Dazu geh\u00f6ren die Kondition, Koordination und Reaktion welche st\u00e4ndig trainiert werden m\u00fcssen um sicher Motorrad zufahren. [&hellip;]<\/p>\n","protected":false},"author":2,"featured_media":0,"parent":2,"menu_order":3,"comment_status":"open","ping_status":"open","template":"page_with_sidebar.php","meta":{"_mc_calendar":[]},"_links":{"self":[{"href":"https:\/\/mxhoch3.de\/index.php?rest_route=\/wp\/v2\/pages\/160"}],"collection":[{"href":"https:\/\/mxhoch3.de\/index.php?rest_route=\/wp\/v2\/pages"}],"about":[{"href":"https:\/\/mxhoch3.de\/index.php?rest_route=\/wp\/v2\/types\/page"}],"author":[{"embeddable":true,"href":"https:\/\/mxhoch3.de\/index.php?rest_route=\/wp\/v2\/users\/2"}],"replies":[{"embeddable":true,"href":"https:\/\/mxhoch3.de\/index.php?rest_route=%2Fwp%2Fv2%2Fcomments&post=160"}],"version-history":[{"count":6,"href":"https:\/\/mxhoch3.de\/index.php?rest_route=\/wp\/v2\/pages\/160\/revisions"}],"predecessor-version":[{"id":281,"href":"https:\/\/mxhoch3.de\/index.php?rest_route=\/wp\/v2\/pages\/160\/revisions\/281"}],"up":[{"embeddable":true,"href":"https:\/\/mxhoch3.de\/index.php?rest_route=\/wp\/v2\/pages\/2"}],"wp:attachment":[{"href":"https:\/\/mxhoch3.de\/index.php?rest_route=%2Fwp%2Fv2%2Fmedia&parent=160"}],"curies":[{"name":"wp","href":"https:\/\/api.w.org\/{rel}","templated":true}]}}