{"id":1746,"date":"2016-09-14T22:02:57","date_gmt":"2016-09-14T22:02:57","guid":{"rendered":"http:\/\/mxhoch3.de\/?page_id=1746"},"modified":"2025-08-20T09:52:40","modified_gmt":"2025-08-20T09:52:40","slug":"5-tage-herbstcamp-2016-inschweyen","status":"publish","type":"page","link":"https:\/\/mxhoch3.de\/?page_id=1746","title":{"rendered":"5 Tage Herbstcamp im Saarland 2025"},"content":{"rendered":"<p>Dieses Jahr findet wieder unser Herbstcamp im Saarland statt. Die ersten 2 Tage sind wir in Warndt, die Strecke ist sch\u00f6n sandig mit Bergauf und-Ab Passagen. Die letzten 2 Tage gehen wir nach Hoxberg, wo ich fr\u00fcher schon gerne war. Beide Strecken sind super und bieten abwechslungsreiche Passagen wo wir viele Sachen umsetzen k\u00f6nnen. Am Mittwoch machen wir Pausentag zur Erholung und umr\u00fccken an die andere Strecke. Jeder kommt auf seine<a href=\"http:\/\/mxhoch3.de\/wp-content\/uploads\/2024\/09\/bild-hoxberg.jpg\" rel=\"lightbox[1746]\"><img loading=\"lazy\" class=\"alignright size-medium wp-image-3766\" src=\"http:\/\/mxhoch3.de\/wp-content\/uploads\/2024\/09\/bild-hoxberg-300x225.jpg\" alt=\"\" width=\"300\" height=\"225\" srcset=\"https:\/\/mxhoch3.de\/wp-content\/uploads\/2024\/09\/bild-hoxberg-300x225.jpg 300w, https:\/\/mxhoch3.de\/wp-content\/uploads\/2024\/09\/bild-hoxberg-768x576.jpg 768w, https:\/\/mxhoch3.de\/wp-content\/uploads\/2024\/09\/bild-hoxberg.jpg 1024w\" sizes=\"(max-width: 300px) 100vw, 300px\" \/><\/a> Kosten und es wird auf jeden in den 5 Tagen eingegangen. An den Lehrgang kann nat\u00fcrlich jeder teilnehmen, eal ob Anf\u00e4nger oder Fortgeschritten, Jung oder Alt.<\/p>\n<p>Mega Option f\u00fcr die Teilnehmer, MotoFrame by Lukas Kunz ist mit vor Ort, wer ein bleibendes Erlebnis haben m\u00f6chte &#8222;Visuell&#8220;, der kann gegen Aufpreis bei Lukas ein Video von sich machen lassen. Kosten daf\u00fcr sind nur 50\u20ac. weitere Infos dann vor Ort!!<\/p>\n<p>Der Termin wird vom 20. bis 24. Oktober 2025 sein.<\/p>\n<p>Preis f\u00fcr den Lehrgang sind 300 \u20acund Streckennebenkosten 100\u20ac<\/p>\n<p>&nbsp;<\/p>\n<blockquote><p><a href=\"https:\/\/forms.gle\/AKG278WTwZzR9CjH9\">&gt;&gt;&gt;hier geht es zur Anmeldung&lt;&lt;&lt;<\/a><\/p><\/blockquote>\n<p>&nbsp;<\/p>\n<p>ride on<\/p>\n<p>Stefan<\/p>\n","protected":false},"excerpt":{"rendered":"<p>Dieses Jahr findet wieder unser Herbstcamp im Saarland statt. Die ersten 2 Tage sind wir in Warndt, die Strecke ist sch\u00f6n sandig mit Bergauf und-Ab Passagen. Die letzten 2 Tage gehen wir nach Hoxberg, wo ich fr\u00fcher schon gerne war. Beide Strecken sind super und bieten abwechslungsreiche Passagen wo wir viele Sachen umsetzen k\u00f6nnen. Am [&hellip;]<\/p>\n","protected":false},"author":2,"featured_media":0,"parent":0,"menu_order":0,"comment_status":"open","ping_status":"closed","template":"page_with_sidebar.php","meta":{"_mc_calendar":[]},"_links":{"self":[{"href":"https:\/\/mxhoch3.de\/index.php?rest_route=\/wp\/v2\/pages\/1746"}],"collection":[{"href":"https:\/\/mxhoch3.de\/index.php?rest_route=\/wp\/v2\/pages"}],"about":[{"href":"https:\/\/mxhoch3.de\/index.php?rest_route=\/wp\/v2\/types\/page"}],"author":[{"embeddable":true,"href":"https:\/\/mxhoch3.de\/index.php?rest_route=\/wp\/v2\/users\/2"}],"replies":[{"embeddable":true,"href":"https:\/\/mxhoch3.de\/index.php?rest_route=%2Fwp%2Fv2%2Fcomments&post=1746"}],"version-history":[{"count":23,"href":"https:\/\/mxhoch3.de\/index.php?rest_route=\/wp\/v2\/pages\/1746\/revisions"}],"predecessor-version":[{"id":3928,"href":"https:\/\/mxhoch3.de\/index.php?rest_route=\/wp\/v2\/pages\/1746\/revisions\/3928"}],"wp:attachment":[{"href":"https:\/\/mxhoch3.de\/index.php?rest_route=%2Fwp%2Fv2%2Fmedia&parent=1746"}],"curies":[{"name":"wp","href":"https:\/\/api.w.org\/{rel}","templated":true}]}}