{"id":1871,"date":"2017-03-31T07:55:50","date_gmt":"2017-03-31T07:55:50","guid":{"rendered":"http:\/\/mxhoch3.de\/?page_id=1871"},"modified":"2017-03-31T08:53:37","modified_gmt":"2017-03-31T08:53:37","slug":"1871-2","status":"publish","type":"page","link":"https:\/\/mxhoch3.de\/?page_id=1871","title":{"rendered":"MXhoch3 Training-Day in Teutschenthal"},"content":{"rendered":"<p><a href=\"http:\/\/mxhoch3.de\/wp-content\/uploads\/2014\/01\/bild-Ansicht-Strecke-top.jpeg\" rel=\"lightbox[1871]\"><img loading=\"lazy\" class=\"alignright size-medium wp-image-1796\" alt=\"bild Ansicht Strecke top\" src=\"http:\/\/mxhoch3.de\/wp-content\/uploads\/2014\/01\/bild-Ansicht-Strecke-top-300x204.jpeg\" width=\"300\" height=\"204\" srcset=\"https:\/\/mxhoch3.de\/wp-content\/uploads\/2014\/01\/bild-Ansicht-Strecke-top-300x204.jpeg 300w, https:\/\/mxhoch3.de\/wp-content\/uploads\/2014\/01\/bild-Ansicht-Strecke-top-1024x698.jpeg 1024w, https:\/\/mxhoch3.de\/wp-content\/uploads\/2014\/01\/bild-Ansicht-Strecke-top-96x65.jpeg 96w, https:\/\/mxhoch3.de\/wp-content\/uploads\/2014\/01\/bild-Ansicht-Strecke-top-38x25.jpeg 38w, https:\/\/mxhoch3.de\/wp-content\/uploads\/2014\/01\/bild-Ansicht-Strecke-top-315x215.jpeg 315w, https:\/\/mxhoch3.de\/wp-content\/uploads\/2014\/01\/bild-Ansicht-Strecke-top-128x87.jpeg 128w, https:\/\/mxhoch3.de\/wp-content\/uploads\/2014\/01\/bild-Ansicht-Strecke-top.jpeg 1100w\" sizes=\"(max-width: 300px) 100vw, 300px\" \/><\/a>Dieses Jahr starten wir wieder in Teutschenthal. Nein nicht nur das exklusive Training, sondern auch f\u00fcr jedermann (auch Frau) veranstalten wir Mittwoch\/Donnerstag 3h Trainings. Es ist jeder eingeladen der was lernen m\u00f6chte. Ob Anf\u00e4nger, leicht Fortgeschritten, Kids oder Erwachsen. F\u00fcr Profis ist das Training nicht geeignet, da \u00fcberwiegend Grundlagentechniken trainiert werden.<\/p>\n<p>folgende Termine stehen zur Auswahl f\u00fcr Euch:<\/p>\n<p>&nbsp;<\/p>\n<p>6. April<\/p>\n<p>22. Juni<\/p>\n<p>6. \/ 13. \/ 20. \/ 27.\u00a0 September<\/p>\n<p>18 und 25. Oktober<\/p>\n<p>&nbsp;<\/p>\n<p>Der Trainingstag gestaltet sich wie folgt:<\/p>\n<p>Wir werden ab 15 Uhr fahren und trainieren im Wechsel von 30min bis 18 Uhr.<\/p>\n<p>Kosten f\u00fcr ein Event sind 35,00\u20ac, exklusive Streckengeb\u00fchr.<\/p>\n<p>Ihr m\u00fcsst euch nicht anmelden, wer da ist ist da. Nat\u00fcrlich freue ich mich wenn ihr alle zum Training kommt.<\/p>\n<p><a title=\"MXGP\" href=\"www.msch-teutschenthal.de\" target=\"_blank\">www.msc-teutschenthal.de<\/a><\/p>\n<p>ride on<\/p>\n<p>Stefan<\/p>\n","protected":false},"excerpt":{"rendered":"<p>Dieses Jahr starten wir wieder in Teutschenthal. Nein nicht nur das exklusive Training, sondern auch f\u00fcr jedermann (auch Frau) veranstalten wir Mittwoch\/Donnerstag 3h Trainings. Es ist jeder eingeladen der was lernen m\u00f6chte. Ob Anf\u00e4nger, leicht Fortgeschritten, Kids oder Erwachsen. F\u00fcr Profis ist das Training nicht geeignet, da \u00fcberwiegend Grundlagentechniken trainiert werden. folgende Termine stehen zur [&hellip;]<\/p>\n","protected":false},"author":2,"featured_media":0,"parent":0,"menu_order":0,"comment_status":"open","ping_status":"closed","template":"page_with_sidebar.php","meta":{"_mc_calendar":[]},"_links":{"self":[{"href":"https:\/\/mxhoch3.de\/index.php?rest_route=\/wp\/v2\/pages\/1871"}],"collection":[{"href":"https:\/\/mxhoch3.de\/index.php?rest_route=\/wp\/v2\/pages"}],"about":[{"href":"https:\/\/mxhoch3.de\/index.php?rest_route=\/wp\/v2\/types\/page"}],"author":[{"embeddable":true,"href":"https:\/\/mxhoch3.de\/index.php?rest_route=\/wp\/v2\/users\/2"}],"replies":[{"embeddable":true,"href":"https:\/\/mxhoch3.de\/index.php?rest_route=%2Fwp%2Fv2%2Fcomments&post=1871"}],"version-history":[{"count":5,"href":"https:\/\/mxhoch3.de\/index.php?rest_route=\/wp\/v2\/pages\/1871\/revisions"}],"predecessor-version":[{"id":1876,"href":"https:\/\/mxhoch3.de\/index.php?rest_route=\/wp\/v2\/pages\/1871\/revisions\/1876"}],"wp:attachment":[{"href":"https:\/\/mxhoch3.de\/index.php?rest_route=%2Fwp%2Fv2%2Fmedia&parent=1871"}],"curies":[{"name":"wp","href":"https:\/\/api.w.org\/{rel}","templated":true}]}}