{"id":2121,"date":"2018-09-03T16:34:56","date_gmt":"2018-09-03T16:34:56","guid":{"rendered":"http:\/\/mxhoch3.de\/?page_id=2121"},"modified":"2019-01-26T09:33:18","modified_gmt":"2019-01-26T09:33:18","slug":"end-of-season-tranining-in-norditalien","status":"publish","type":"page","link":"https:\/\/mxhoch3.de\/?page_id=2121","title":{"rendered":"End of Season Tranining in Norditalien"},"content":{"rendered":"<p><img loading=\"lazy\" class=\"alignright size-medium wp-image-2122\" src=\"http:\/\/mxhoch3.de\/wp-content\/uploads\/2018\/09\/Bild-Ungarn-300x300.jpg\" alt=\"\" width=\"300\" height=\"300\" srcset=\"https:\/\/mxhoch3.de\/wp-content\/uploads\/2018\/09\/Bild-Ungarn-300x300.jpg 300w, https:\/\/mxhoch3.de\/wp-content\/uploads\/2018\/09\/Bild-Ungarn-150x150.jpg 150w, https:\/\/mxhoch3.de\/wp-content\/uploads\/2018\/09\/Bild-Ungarn.jpg 612w\" sizes=\"(max-width: 300px) 100vw, 300px\" \/>Dieses Jahr biete ich f\u00fcr euch einen echt geilen Lehrgang an. Und zwar nochmal mit euch, vom 28.10. bis 1.11.2019, nach Italien. Es wird ein sehr technisch orientiertes Training und weniger Speed, es geht ja auch schon um die Vorbereitung f\u00fcr 2020. Wir werden Strecken in Norditalien anfahren und auch versuchen jeden Tag die Strecke zu wechseln, denn auch Spa\u00df steht bei uns im Vordergrund! Wer nochmal ein richtig sch\u00f6nes Training haben m\u00f6chte, sollte sich hier anmelden und sich einen Platz sichern. Abends werden wir wie gewohnt eine Videoauswertung machen.<\/p>\n<p>Preis sind nur 235\u20ac, Streckengeb\u00fchr exklusive.<\/p>\n<p><a href=\"http:\/\/mxhoch3.de\/wp-content\/uploads\/2019\/01\/Ausschreibung-End-of-Saison-Italien.doc\">&gt;&gt;&gt;hier geht es zur Anmeldung&lt;&lt;&lt;<\/a><\/p>\n<p>&nbsp;<\/p>\n<p>ride on Stefan<\/p>\n","protected":false},"excerpt":{"rendered":"<p>Dieses Jahr biete ich f\u00fcr euch einen echt geilen Lehrgang an. Und zwar nochmal mit euch, vom 28.10. bis 1.11.2019, nach Italien. Es wird ein sehr technisch orientiertes Training und weniger Speed, es geht ja auch schon um die Vorbereitung f\u00fcr 2020. Wir werden Strecken in Norditalien anfahren und auch versuchen jeden Tag die Strecke [&hellip;]<\/p>\n","protected":false},"author":2,"featured_media":0,"parent":0,"menu_order":0,"comment_status":"closed","ping_status":"closed","template":"","meta":{"_mc_calendar":[]},"_links":{"self":[{"href":"https:\/\/mxhoch3.de\/index.php?rest_route=\/wp\/v2\/pages\/2121"}],"collection":[{"href":"https:\/\/mxhoch3.de\/index.php?rest_route=\/wp\/v2\/pages"}],"about":[{"href":"https:\/\/mxhoch3.de\/index.php?rest_route=\/wp\/v2\/types\/page"}],"author":[{"embeddable":true,"href":"https:\/\/mxhoch3.de\/index.php?rest_route=\/wp\/v2\/users\/2"}],"replies":[{"embeddable":true,"href":"https:\/\/mxhoch3.de\/index.php?rest_route=%2Fwp%2Fv2%2Fcomments&post=2121"}],"version-history":[{"count":5,"href":"https:\/\/mxhoch3.de\/index.php?rest_route=\/wp\/v2\/pages\/2121\/revisions"}],"predecessor-version":[{"id":2195,"href":"https:\/\/mxhoch3.de\/index.php?rest_route=\/wp\/v2\/pages\/2121\/revisions\/2195"}],"wp:attachment":[{"href":"https:\/\/mxhoch3.de\/index.php?rest_route=%2Fwp%2Fv2%2Fmedia&parent=2121"}],"curies":[{"name":"wp","href":"https:\/\/api.w.org\/{rel}","templated":true}]}}