{"id":3281,"date":"2022-03-29T12:54:42","date_gmt":"2022-03-29T12:54:42","guid":{"rendered":"http:\/\/mxhoch3.de\/?page_id=3281"},"modified":"2022-03-29T12:54:42","modified_gmt":"2022-03-29T12:54:42","slug":"wochenendlehrgang-in-der-tschechei-vysoka-pec","status":"publish","type":"page","link":"https:\/\/mxhoch3.de\/?page_id=3281","title":{"rendered":"Wochenendlehrgang in der Tschechei Vysoka Pec"},"content":{"rendered":"<p><a href=\"http:\/\/mxhoch3.de\/wp-content\/uploads\/2022\/03\/strecke.jpg\" rel=\"lightbox[3281]\"><img loading=\"lazy\" class=\"size-medium wp-image-3276 alignright\" src=\"http:\/\/mxhoch3.de\/wp-content\/uploads\/2022\/03\/strecke-300x169.jpg\" alt=\"\" width=\"300\" height=\"169\" srcset=\"https:\/\/mxhoch3.de\/wp-content\/uploads\/2022\/03\/strecke-300x169.jpg 300w, https:\/\/mxhoch3.de\/wp-content\/uploads\/2022\/03\/strecke-1024x576.jpg 1024w, https:\/\/mxhoch3.de\/wp-content\/uploads\/2022\/03\/strecke-768x432.jpg 768w, https:\/\/mxhoch3.de\/wp-content\/uploads\/2022\/03\/strecke-1536x864.jpg 1536w, https:\/\/mxhoch3.de\/wp-content\/uploads\/2022\/03\/strecke.jpg 2048w\" sizes=\"(max-width: 300px) 100vw, 300px\" \/><\/a>Dieses Jahr gehen wir das erste mal zu einer Strecke in der Tschechei nach Vysoka&#8216; Pec. Fast direkt hinter der Grenze ist sie nicht so weit und sorgt f\u00fcr richt viel Spa\u00df und ist auch anspruchsvoll f\u00fcr uns zum \u00fcben. Die Strecke liegt leicht am Hang, wo wir ins anbremsen rein gehen k\u00f6nnen, sowie auch verschieden Spr\u00fcnge f\u00fcr uns zum \u00fcben haben. Ich habe von vielen eine Empfehlung bekommen und freue mich mit euch dort trainieren zu k\u00f6nnen. Wer Lust hat etwas zu lernen, egal ob gro\u00df oder klein, Anf\u00e4nger oder Erwachsene kann gerne mit dabei sein!<\/p>\n<p>Termin ist der 21.\/22.Mai 2022 in Vysoka&#8216; Pec<a href=\"http:\/\/mxhoch3.de\/wp-content\/uploads\/2022\/03\/strecke-2.jpg\" rel=\"lightbox[3281]\"><img loading=\"lazy\" class=\"size-medium wp-image-3275 alignright\" src=\"http:\/\/mxhoch3.de\/wp-content\/uploads\/2022\/03\/strecke-2-225x300.jpg\" alt=\"\" width=\"225\" height=\"300\" srcset=\"https:\/\/mxhoch3.de\/wp-content\/uploads\/2022\/03\/strecke-2-225x300.jpg 225w, https:\/\/mxhoch3.de\/wp-content\/uploads\/2022\/03\/strecke-2-768x1024.jpg 768w, https:\/\/mxhoch3.de\/wp-content\/uploads\/2022\/03\/strecke-2-1152x1536.jpg 1152w, https:\/\/mxhoch3.de\/wp-content\/uploads\/2022\/03\/strecke-2.jpg 1536w\" sizes=\"(max-width: 225px) 100vw, 225px\" \/><\/a><\/p>\n<p><a href=\"http:\/\/mxhoch3.de\/wp-content\/uploads\/2022\/03\/Ausschreibung-Vysoka-Pec.doc\">&gt;&gt;&gt;hier geht es zur Anmeldung&lt;&lt;&lt;<\/a><\/p>\n<p>&nbsp;<\/p>\n<p>bis bald<\/p>\n<p>Euer Stefan<\/p>\n<p>&nbsp;<\/p>\n<p>&nbsp;<\/p>\n","protected":false},"excerpt":{"rendered":"<p>Dieses Jahr gehen wir das erste mal zu einer Strecke in der Tschechei nach Vysoka&#8216; Pec. Fast direkt hinter der Grenze ist sie nicht so weit und sorgt f\u00fcr richt viel Spa\u00df und ist auch anspruchsvoll f\u00fcr uns zum \u00fcben. Die Strecke liegt leicht am Hang, wo wir ins anbremsen rein gehen k\u00f6nnen, sowie auch [&hellip;]<\/p>\n","protected":false},"author":2,"featured_media":0,"parent":0,"menu_order":0,"comment_status":"closed","ping_status":"closed","template":"page_with_sidebar.php","meta":{"_mc_calendar":[]},"_links":{"self":[{"href":"https:\/\/mxhoch3.de\/index.php?rest_route=\/wp\/v2\/pages\/3281"}],"collection":[{"href":"https:\/\/mxhoch3.de\/index.php?rest_route=\/wp\/v2\/pages"}],"about":[{"href":"https:\/\/mxhoch3.de\/index.php?rest_route=\/wp\/v2\/types\/page"}],"author":[{"embeddable":true,"href":"https:\/\/mxhoch3.de\/index.php?rest_route=\/wp\/v2\/users\/2"}],"replies":[{"embeddable":true,"href":"https:\/\/mxhoch3.de\/index.php?rest_route=%2Fwp%2Fv2%2Fcomments&post=3281"}],"version-history":[{"count":1,"href":"https:\/\/mxhoch3.de\/index.php?rest_route=\/wp\/v2\/pages\/3281\/revisions"}],"predecessor-version":[{"id":3283,"href":"https:\/\/mxhoch3.de\/index.php?rest_route=\/wp\/v2\/pages\/3281\/revisions\/3283"}],"wp:attachment":[{"href":"https:\/\/mxhoch3.de\/index.php?rest_route=%2Fwp%2Fv2%2Fmedia&parent=3281"}],"curies":[{"name":"wp","href":"https:\/\/api.w.org\/{rel}","templated":true}]}}