{"id":3354,"date":"2022-05-23T15:42:20","date_gmt":"2022-05-23T15:42:20","guid":{"rendered":"http:\/\/mxhoch3.de\/?page_id=3354"},"modified":"2022-05-23T15:49:27","modified_gmt":"2022-05-23T15:49:27","slug":"3354-2","status":"publish","type":"page","link":"https:\/\/mxhoch3.de\/?page_id=3354","title":{"rendered":"AGB von MXhoch3"},"content":{"rendered":"<p><strong>AGB f\u00fcr MXhoch3 Lehrg\u00e4nge<\/strong><\/p>\n<p><strong>\u00a0<\/strong><\/p>\n<p><strong>Verantwortlichkeit:<\/strong><\/p>\n<p><strong>\u00a0<\/strong><\/p>\n<p>Jeder Teilnehmer nimmt auf eigene Gefahr an den Lehrg\u00e4ngen teil. Dazu z\u00e4hlen ebenfalls die<\/p>\n<p>Kraftfahrzeugeigent\u00fcmer- und Halter sowie Eltern und Betreuungs-\/Begleitpersonal. Sie tragen alleinige<\/p>\n<p>straf -und zivilrechtliche Verantwortung f\u00fcr alle verursachten Sch\u00e4den, die durch die von ihnen benutzten Fahrzeuge entstehen.<\/p>\n<p>Die An- und Abreise erfolgt auf eigene Gefahr.<\/p>\n<p>Der Teilnehmer ist sich der Gefahren vollst\u00e4ndig bewusst, die durch die Benutzung der Motocross-Strecke und anderem Gel\u00e4nde entstehen k\u00f6nnen.<\/p>\n<p>Der Veranstalter \u00fcbernimmt keine Gew\u00e4hr f\u00fcr den Streckenzustand und dazugeh\u00f6rige Einrichtungen.<\/p>\n<p>&nbsp;<\/p>\n<p><strong>Haftungsverzicht:<\/strong><\/p>\n<p>&nbsp;<\/p>\n<p>F\u00fcr Personen-, Sach- Verm\u00f6gens- und sonstige Sch\u00e4den, die der Teilnehmer im Zusammenhang mit der Veranstaltung erleidet, haftet der Veranstalter nur, soweit die Schadensursache auf Vorsatz oder grobe Fahrl\u00e4ssigkeit des Veranstalters beruht. Dies gilt auch f\u00fcr die Haftung von Angestellten, Mitarbeitern, Vertretern und Erf\u00fcllungsgehilfen des Veranstalters. Der Teilnehmer haftet f\u00fcr durch Vorsatz oder grobe Fahrl\u00e4ssigkeit verursachte Sch\u00e4den an Dritten. Hierunter fallen Sach- und Personensch\u00e4den. Diese Vereinbarung wird mit der Abgabe der Anmeldung an den Veranstalter allen Beteiligten gegen\u00fcber wirksam.<\/p>\n<p>Der Veranstalter beh\u00e4lt sich das Recht vor, alle durch h\u00f6here Gewalt, aus Sicherheitsgr\u00fcnden oder von Beh\u00f6rden angeordnete erforderliche \u00c4nderungen der Ausschreibung vorzunehmen oder auch die Veranstaltung abzubrechen, falls dies durch au\u00dferordentliche Gr\u00fcnde bedingt ist, ohne irgendwelchen Schadenersatz zu leisten.<\/p>\n<p>&nbsp;<\/p>\n<p><strong>Sicherheitsbestimmungen:<\/strong><\/p>\n<p><strong>\u00a0<\/strong><\/p>\n<p>Die Teilnehmer verpflichten sich w\u00e4hrend des gesamten Trainings auf dem Motorrad entsprechende<\/p>\n<p>Motocross \u2013 Schutzkleidung (Helm, Stiefel, Knieprotektoren, Handschuhe, Brustpanzer) zu tragen. Da das Teilnehmerniveau sehr unterschiedlich sein kann, ist stets auf langsam fahrende Teilnehmer zu achten und R\u00fccksicht auf diese zu nehmen. Jeder Teilnehmer muss sich so verhalten, dass er andere nicht gef\u00e4hrdet.<\/p>\n<p>Die eingesetzten Motorr\u00e4der m\u00fcssen Eigentum des Teilnehmers oder des Bevollm\u00e4chtigten und in<\/p>\n<p>einwandfreiem Zustand sein. Die Motorr\u00e4der werden vor Lehrgangsbeginn einer Sichtkontrolle durch die Trainer unterzogen, die jedoch keine Garantie vor eventuellen Sch\u00e4den darstellt. Sie dient lediglich einer groben Tauglichkeitspr\u00fcfung der Fahrzeuge, um offensichtliche M\u00e4ngel auszuschlie\u00dfen. F\u00fcr alle weiteren M\u00e4ngel oder Sch\u00e4den, die w\u00e4hrend des Lehrgangs auftreten, haften die Lehrgangsleiter nicht.<\/p>\n<p>&nbsp;<\/p>\n<p><strong>R\u00fccktritt:<\/strong><\/p>\n<p><strong>\u00a0<\/strong><\/p>\n<p>Aufgrund von Wettersituation, h\u00f6here Gewalt oder R\u00fccktritt des Streckenbetreibers kann der Veranstalter zur\u00fccktreten. In diesem Fall wird der Betrag f\u00fcr den betreffenden Lehrgang an die Teilnehmer zur\u00fcckerstattet oder ein Ersatztermin mit den Teilnehmern vereinbart. Sollte einer der Trainer aus irgendwelchen Gr\u00fcnden verhindert sein, wird f\u00fcr die Teilnehmer ein qualifizierter Ersatztrainer eingesetzt. Der Teilnehmer kann bis 30 Tage vor dem <strong>ersten <\/strong>Lehrgangstag zur\u00fccktreten. Er erh\u00e4lt dann den gesamten Betrag abz\u00fcglich 30\u20ac Bearbeitungsgeb\u00fchr zur\u00fcck. Tritt er bis 14 Tage vor dem Lehrgang zur\u00fcck wird 50% abz\u00fcglich der Bearbeitungsgeb\u00fchr der Lehrgangsgeb\u00fchren zur\u00fcckerstattet. Bei einem sp\u00e4teren R\u00fccktritt oder einem R\u00fccktritt w\u00e4hrend des Lehrgangs ist eine R\u00fcckerstattung der Lehrgangsgeb\u00fchr nicht m\u00f6glich.<\/p>\n<p>&nbsp;<\/p>\n<p><strong>Ausschluss:<\/strong><\/p>\n<p>&nbsp;<\/p>\n<p>Sollte ein Teilnehmer die Veranstaltung massiv st\u00f6ren oder den Anweisungen der Lehrgangsleiter nicht Folge leisten, behalten die Veranstalter sich vor, den Teilnehmer vom Lehrgang auszuschlie\u00dfen.<\/p>\n<p>Eine R\u00fcckzahlung der Lehrgangsgeb\u00fchr erfolgt in diesem Falle nicht.<\/p>\n<p>&nbsp;<\/p>\n<p><strong>Allgemeines:<\/strong><\/p>\n<p>&nbsp;<\/p>\n<p>Mit der Abgabe der Anmeldung erkl\u00e4rt sich der Teilnehmer mit den vorstehenden Bedingungen einverstanden.<\/p>\n<p>Die 2- Tages -Lehrg\u00e4nge werden aufeinander aufgebaut und dienen nicht in erster Linie zur Erzielung<\/p>\n<p>von H\u00f6chstgeschwindigkeiten, sondern vielmehr dem Erlernen von Grundtechniken und<\/p>\n<p>Fahrzeugbeherrschung.<\/p>\n<p>Die Teilnehmer lernen gezielt f\u00fcr ihre Bed\u00fcrfnisse zu trainieren. W\u00e4hrend allen Lehrg\u00e4ngen ist den Anweisungen der Trainer Folge zu leisten. Die maximale Teilnehmeranzahl pro Gruppe betr\u00e4gt 12, bei Nichterreichen der Mindestteilnehmeranzahl von 10 behalten sich die Lehrgangsleiter vor, den Lehrgang abzusagen.<\/p>\n<p>&nbsp;<\/p>\n<p><strong>Datenschutz:<\/strong><\/p>\n<p><strong>\u00a0<\/strong><\/p>\n<p>Ich willige ein, dass der MXhoch3 Stefan Ludwig meine in diesem Antragsformular erhobenen Daten neben der Vertragsdurchf\u00fchrung auch f\u00fcr folgende Zwecke verwendet:<\/p>\n<p>Ver\u00f6ffentlichung von Teilnehmern- und Ergebnislisten (auch im Internet) und statistischen Zwecke, Eigenwerbung oder Veranstalterwerbung. Mit der Einsendung von Bildmaterial erkl\u00e4rt der Teilnehmer sein Einverst\u00e4ndnis zur uneingeschr\u00e4nkten honorarfreien Verwendung, Vertretung oder Ver\u00f6ffentlichung durch den Veranstalter, den ADAC e.V. und seine ADAC Regionalclubs. Dar\u00fcber hinaus erkl\u00e4ren Teilnehmer ihr Einverst\u00e4ndnis zur Durchf\u00fchrung von Foto- und Filmarbeiten w\u00e4hrend der Veranstaltung sowie zur Einr\u00e4umung der unentgeldlichen Sende-, \u00f6ffentlichen Wiedergabe-, Aufzeichnungs-, Vervielf\u00e4ltigungs- und Bearbeitungsrechte hinsichtlich der von ihrer Person, etwaigen Begleitperson, die alle vom Teilnehmer hier\u00fcber vorab entsprechend umfassend informiert wurden, oder der von ihren Fahrzeugen gefertigten Film- oder Fotoaufnahmen. Die Rechteinr\u00e4umung umfasst neben der Nutzung f\u00fcr die Berichterstattung \u00fcber die Veranstaltung, die Teilnehmer und die Ergebnisse in Print-, Radio-, TV- und Onlinemedien, wie insbesondere Internetauftritt und Facebook, auch die Nutzung der Aufnahmen zu Zwecken der Eigenwerbung oder der Veranstaltungsbewerbung. Hinweis: Falls diese Einwilligung nicht erteilt wird, ist eine Teilnahme an dieser Veranstaltung nicht m\u00f6glich. Die Einwilligung k\u00f6nnen Sie jederzeit f\u00fcr die Zukunft beim Veranstalter schriftlich wiederrufen. Wenn der\/die Teilnehmer\/in noch minderj\u00e4hrig oder nicht voll gesch\u00e4ftsf\u00e4hig ist, versichert der Sorgeberechtigte, dass er das alleinige Sorgerecht hat oder berechtigt ist, diese Erkl\u00e4rung auch im Namen etwaiger weiterer Sorgeberechtigter verbindlich abzugeben. Bei der Unterzeichnung durch Sorgeberechtigte ist die Angabe des vollst\u00e4ndigen Namens und Anschrift erforderlich.<\/p>\n<p>&nbsp;<\/p>\n<p><strong>Haftungsverzicht:<\/strong><\/p>\n<p><strong>\u00a0<\/strong><\/p>\n<p>Jeder Teilnehmer nimmt auf eigene Gefahr an den Lehrg\u00e4ngen teil. Dazu z\u00e4hlen ebenfalls die Kraftfahrzeugeigent\u00fcmer- und Halter sowie Eltern und Betreuungs-\/Begleitpersonal. Sie tragen alleinige straf- und zivilrechtliche Verantwortung f\u00fcr alle verursachten Sch\u00e4den, die durch die von ihnen benutzte Fahrzeuge entstehen. Die An- und Abreise erfolgt ebenfalls auf eigene Gefahr. Der Teilnehmer ist sich der Gefahren vollst\u00e4ndig bewusst, die durch die Benutzung der Motocross-Strecke und anderem Gel\u00e4nde entstehen k\u00f6nnen.<\/p>\n<p>&nbsp;<\/p>\n<p>Die Teilnehmer (Fahrer \/ Begleitperson) verzichten durch Abgabe dieser Erkl\u00e4rung f\u00fcr alle im Zusammenhang mit der Veranstaltung erlittenen Unf\u00e4lle oder Sch\u00e4den auf jedes Recht des Vorgehens oder R\u00fcckgriffs gegen:<\/p>\n<p>&nbsp;<\/p>\n<ul>\n<li>Stefan Ludwig, den anderen Trainern sowie deren Helfer und Organisatoren<\/li>\n<li>weitere Beauftragte, Sportwarte und anwesenden Helfer<\/li>\n<li>den \/ die Eigent\u00fcmer des f\u00fcr die Veranstaltung genutzten Grundst\u00fcckes, der baulichen<\/li>\n<\/ul>\n<p>Anlagen und Einrichtungen, noch gegen den Betreiber der f\u00fcr die Veranstaltung genutzten<\/p>\n<p>Strecke oder dessen \/ deren Beauftragte \/ Helfer.<\/p>\n<ul>\n<li>die Teilnehmer und deren Helfer, sowie gegen den eigenen Helfer.<\/li>\n<li>Die Beh\u00f6rden, Renndienste und irgendwelche anderen Organisationen bzw. juristischen<\/li>\n<\/ul>\n<p>oder nat\u00fcrliche Personen, die mit der Organisation der Veranstaltung in Verbindung stehen,<\/p>\n<p>soweit ein Unfall oder Schaden nicht auf Vorsatz oder grober Fahrl\u00e4ssigkeit beruht.<\/p>\n<p>Diese Vereinbarung wird mit Abgabe der Anmeldung zu den sieben genannten<\/p>\n<p>Lehrgangsveranstaltungen f\u00fcr alle Beteiligten wirksam.<\/p>\n<p>&nbsp;<\/p>\n<p>&nbsp;<\/p>\n<p>Die beigef\u00fcgten AGB\u2018s gelten f\u00fcr alle Lehrg\u00e4nge als vereinbart und anerkannt.<\/p>\n<p>AGB`s von MXhoch3<\/p>\n","protected":false},"excerpt":{"rendered":"<p>AGB f\u00fcr MXhoch3 Lehrg\u00e4nge \u00a0 Verantwortlichkeit: \u00a0 Jeder Teilnehmer nimmt auf eigene Gefahr an den Lehrg\u00e4ngen teil. Dazu z\u00e4hlen ebenfalls die Kraftfahrzeugeigent\u00fcmer- und Halter sowie Eltern und Betreuungs-\/Begleitpersonal. Sie tragen alleinige straf -und zivilrechtliche Verantwortung f\u00fcr alle verursachten Sch\u00e4den, die durch die von ihnen benutzten Fahrzeuge entstehen. Die An- und Abreise erfolgt auf eigene Gefahr. [&hellip;]<\/p>\n","protected":false},"author":2,"featured_media":0,"parent":0,"menu_order":0,"comment_status":"closed","ping_status":"closed","template":"page_with_sidebar.php","meta":{"_mc_calendar":[]},"_links":{"self":[{"href":"https:\/\/mxhoch3.de\/index.php?rest_route=\/wp\/v2\/pages\/3354"}],"collection":[{"href":"https:\/\/mxhoch3.de\/index.php?rest_route=\/wp\/v2\/pages"}],"about":[{"href":"https:\/\/mxhoch3.de\/index.php?rest_route=\/wp\/v2\/types\/page"}],"author":[{"embeddable":true,"href":"https:\/\/mxhoch3.de\/index.php?rest_route=\/wp\/v2\/users\/2"}],"replies":[{"embeddable":true,"href":"https:\/\/mxhoch3.de\/index.php?rest_route=%2Fwp%2Fv2%2Fcomments&post=3354"}],"version-history":[{"count":2,"href":"https:\/\/mxhoch3.de\/index.php?rest_route=\/wp\/v2\/pages\/3354\/revisions"}],"predecessor-version":[{"id":3356,"href":"https:\/\/mxhoch3.de\/index.php?rest_route=\/wp\/v2\/pages\/3354\/revisions\/3356"}],"wp:attachment":[{"href":"https:\/\/mxhoch3.de\/index.php?rest_route=%2Fwp%2Fv2%2Fmedia&parent=3354"}],"curies":[{"name":"wp","href":"https:\/\/api.w.org\/{rel}","templated":true}]}}