{"id":3452,"date":"2023-01-10T18:23:26","date_gmt":"2023-01-10T18:23:26","guid":{"rendered":"http:\/\/mxhoch3.de\/?page_id=3452"},"modified":"2023-04-17T10:55:08","modified_gmt":"2023-04-17T10:55:08","slug":"3-tages-lehrgang-in-helmstedt","status":"publish","type":"page","link":"https:\/\/mxhoch3.de\/?page_id=3452","title":{"rendered":"3 Tages Lehrgang in Helmstedt"},"content":{"rendered":"<p><img loading=\"lazy\" class=\"alignright size-medium wp-image-3453\" src=\"http:\/\/mxhoch3.de\/wp-content\/uploads\/2023\/01\/Helmstedt-best-300x225.jpg\" alt=\"\" width=\"300\" height=\"225\" srcset=\"https:\/\/mxhoch3.de\/wp-content\/uploads\/2023\/01\/Helmstedt-best-300x225.jpg 300w, https:\/\/mxhoch3.de\/wp-content\/uploads\/2023\/01\/Helmstedt-best-1024x767.jpg 1024w, https:\/\/mxhoch3.de\/wp-content\/uploads\/2023\/01\/Helmstedt-best-768x575.jpg 768w, https:\/\/mxhoch3.de\/wp-content\/uploads\/2023\/01\/Helmstedt-best-1536x1150.jpg 1536w, https:\/\/mxhoch3.de\/wp-content\/uploads\/2023\/01\/Helmstedt-best.jpg 2048w\" sizes=\"(max-width: 300px) 100vw, 300px\" \/>Helmstedt kenne ich von Fr\u00fcher noch und ist eine super angelegte Strecke, leicht um und auf einer Kuppe gebaut bietet sie Berab und Bergauf Passagen, genauso sch\u00f6ne Kurven und Spr\u00fcnge zum \u00fcben. Wir haben die Strecke 3 Tage f\u00fcr uns gemietet, denn Montag ist 1.Mai und Feiertag. Wir laden euch ein dabei zu sein vom 29.April bis 1.Mai. Der Lehrgang kostet 210\u20ac, dazu kommen f\u00fcr Mitglieder des Verins keine weiteren Kosten. Nichtmitglieder zahlen noch 60\u20ac Streckengeb\u00fchr. Es kann jeder dabei sein, egal ob gro\u00df oder klein und Anf\u00e4nger oder Fortgeschritten.<\/p>\n<p>Trainer wird Stefan sein.<\/p>\n<p>Termin 29.4. &#8211; 1.5.<img loading=\"lazy\" class=\"alignright size-medium wp-image-3454\" src=\"http:\/\/mxhoch3.de\/wp-content\/uploads\/2023\/01\/Helmstedt-2-300x225.jpg\" alt=\"\" width=\"300\" height=\"225\" srcset=\"https:\/\/mxhoch3.de\/wp-content\/uploads\/2023\/01\/Helmstedt-2-300x225.jpg 300w, https:\/\/mxhoch3.de\/wp-content\/uploads\/2023\/01\/Helmstedt-2-768x576.jpg 768w, https:\/\/mxhoch3.de\/wp-content\/uploads\/2023\/01\/Helmstedt-2.jpg 960w\" sizes=\"(max-width: 300px) 100vw, 300px\" \/><\/p>\n<blockquote><p><a href=\"https:\/\/forms.gle\/yEQqpoK5iHUnYwgs6\">&gt;&gt;hier geht es zur Anmeldung&lt;&lt;&lt;<\/a><\/p><\/blockquote>\n<p>euer Stefan<\/p>\n","protected":false},"excerpt":{"rendered":"<p>Helmstedt kenne ich von Fr\u00fcher noch und ist eine super angelegte Strecke, leicht um und auf einer Kuppe gebaut bietet sie Berab und Bergauf Passagen, genauso sch\u00f6ne Kurven und Spr\u00fcnge zum \u00fcben. Wir haben die Strecke 3 Tage f\u00fcr uns gemietet, denn Montag ist 1.Mai und Feiertag. Wir laden euch ein dabei zu sein vom [&hellip;]<\/p>\n","protected":false},"author":2,"featured_media":0,"parent":0,"menu_order":0,"comment_status":"closed","ping_status":"closed","template":"page_with_sidebar.php","meta":{"_mc_calendar":[]},"_links":{"self":[{"href":"https:\/\/mxhoch3.de\/index.php?rest_route=\/wp\/v2\/pages\/3452"}],"collection":[{"href":"https:\/\/mxhoch3.de\/index.php?rest_route=\/wp\/v2\/pages"}],"about":[{"href":"https:\/\/mxhoch3.de\/index.php?rest_route=\/wp\/v2\/types\/page"}],"author":[{"embeddable":true,"href":"https:\/\/mxhoch3.de\/index.php?rest_route=\/wp\/v2\/users\/2"}],"replies":[{"embeddable":true,"href":"https:\/\/mxhoch3.de\/index.php?rest_route=%2Fwp%2Fv2%2Fcomments&post=3452"}],"version-history":[{"count":2,"href":"https:\/\/mxhoch3.de\/index.php?rest_route=\/wp\/v2\/pages\/3452\/revisions"}],"predecessor-version":[{"id":3457,"href":"https:\/\/mxhoch3.de\/index.php?rest_route=\/wp\/v2\/pages\/3452\/revisions\/3457"}],"wp:attachment":[{"href":"https:\/\/mxhoch3.de\/index.php?rest_route=%2Fwp%2Fv2%2Fmedia&parent=3452"}],"curies":[{"name":"wp","href":"https:\/\/api.w.org\/{rel}","templated":true}]}}