{"id":3490,"date":"2023-03-07T10:48:23","date_gmt":"2023-03-07T10:48:23","guid":{"rendered":"http:\/\/mxhoch3.de\/?page_id=3490"},"modified":"2023-03-07T11:47:44","modified_gmt":"2023-03-07T11:47:44","slug":"pfingstlehrgang-in-kaplice-cz","status":"publish","type":"page","link":"https:\/\/mxhoch3.de\/?page_id=3490","title":{"rendered":"Pfingstlehrgang in Kaplice (CZ)"},"content":{"rendered":"<p><img loading=\"lazy\" class=\"alignright size-medium wp-image-3491\" src=\"http:\/\/mxhoch3.de\/wp-content\/uploads\/2023\/03\/Strecke-1-300x91.jpg\" alt=\"\" width=\"300\" height=\"91\" srcset=\"https:\/\/mxhoch3.de\/wp-content\/uploads\/2023\/03\/Strecke-1-300x91.jpg 300w, https:\/\/mxhoch3.de\/wp-content\/uploads\/2023\/03\/Strecke-1-1024x312.jpg 1024w, https:\/\/mxhoch3.de\/wp-content\/uploads\/2023\/03\/Strecke-1-768x234.jpg 768w, https:\/\/mxhoch3.de\/wp-content\/uploads\/2023\/03\/Strecke-1-1536x467.jpg 1536w, https:\/\/mxhoch3.de\/wp-content\/uploads\/2023\/03\/Strecke-1.jpg 1581w\" sizes=\"(max-width: 300px) 100vw, 300px\" \/>Letztes Jahr war ich zur Betreuung schon mal in Kaplice, die Strecke hat sehr Vieles zu bieten, Berge auf und ab, Spr\u00fcnge, flache Kurven, Anlieger Kurven uvm.. Weil es mir so gut gefallen hat, plane ich dieses Jahr das erste Mal einen Lehrgang in Kaplice. In den Pfingstferien vom 30.5. bis 1.6. ist unser Termin. Wir k\u00f6nnen an der Strecke \u00fcbernachten und es gibt 2 Doppelzimmer mit Fr\u00fchst\u00fcck die man buchen kann. 3 Tage sind eine gute Zeit um euch \u00fcber die Tage aufzubauen und auch noch weiterzubringen, denn die Strecke bietet alles um euch besser zu machen. <img loading=\"lazy\" class=\"alignright size-medium wp-image-3492\" src=\"http:\/\/mxhoch3.de\/wp-content\/uploads\/2023\/03\/Strecke-3-300x225.jpg\" alt=\"\" width=\"300\" height=\"225\" srcset=\"https:\/\/mxhoch3.de\/wp-content\/uploads\/2023\/03\/Strecke-3-300x225.jpg 300w, https:\/\/mxhoch3.de\/wp-content\/uploads\/2023\/03\/Strecke-3.jpg 720w\" sizes=\"(max-width: 300px) 100vw, 300px\" \/>Es ist jeder willkommen , egal ob gro\u00df oder klein, jung oder alt und Anf\u00e4nger oder Fortgeschritten. Einfach anmelden und Ihr bekommt 2 Wochen vorher noch weitere Informationen. Der Preis f\u00fcr die 3 Tage inklusive Streckenkosten sind 300\u20ac und werden vor Ort in bar bezahlt.<\/p>\n<p><a href=\"https:\/\/forms.gle\/NS9YZg5XgRVmN5Nn8\">&gt;&gt;&gt;zur Anmeldung geht es hier lang&lt;&lt;&lt;<\/a><\/p>\n<p>Euer Stefan<\/p>\n","protected":false},"excerpt":{"rendered":"<p>Letztes Jahr war ich zur Betreuung schon mal in Kaplice, die Strecke hat sehr Vieles zu bieten, Berge auf und ab, Spr\u00fcnge, flache Kurven, Anlieger Kurven uvm.. Weil es mir so gut gefallen hat, plane ich dieses Jahr das erste Mal einen Lehrgang in Kaplice. In den Pfingstferien vom 30.5. bis 1.6. ist unser Termin. [&hellip;]<\/p>\n","protected":false},"author":2,"featured_media":0,"parent":0,"menu_order":0,"comment_status":"closed","ping_status":"closed","template":"page_with_sidebar.php","meta":{"_mc_calendar":[]},"_links":{"self":[{"href":"https:\/\/mxhoch3.de\/index.php?rest_route=\/wp\/v2\/pages\/3490"}],"collection":[{"href":"https:\/\/mxhoch3.de\/index.php?rest_route=\/wp\/v2\/pages"}],"about":[{"href":"https:\/\/mxhoch3.de\/index.php?rest_route=\/wp\/v2\/types\/page"}],"author":[{"embeddable":true,"href":"https:\/\/mxhoch3.de\/index.php?rest_route=\/wp\/v2\/users\/2"}],"replies":[{"embeddable":true,"href":"https:\/\/mxhoch3.de\/index.php?rest_route=%2Fwp%2Fv2%2Fcomments&post=3490"}],"version-history":[{"count":3,"href":"https:\/\/mxhoch3.de\/index.php?rest_route=\/wp\/v2\/pages\/3490\/revisions"}],"predecessor-version":[{"id":3496,"href":"https:\/\/mxhoch3.de\/index.php?rest_route=\/wp\/v2\/pages\/3490\/revisions\/3496"}],"wp:attachment":[{"href":"https:\/\/mxhoch3.de\/index.php?rest_route=%2Fwp%2Fv2%2Fmedia&parent=3490"}],"curies":[{"name":"wp","href":"https:\/\/api.w.org\/{rel}","templated":true}]}}