{"id":3518,"date":"2023-04-02T14:25:15","date_gmt":"2023-04-02T14:25:15","guid":{"rendered":"http:\/\/mxhoch3.de\/?page_id=3518"},"modified":"2023-04-02T15:11:23","modified_gmt":"2023-04-02T15:11:23","slug":"ostercamp-coswig","status":"publish","type":"page","link":"https:\/\/mxhoch3.de\/?page_id=3518","title":{"rendered":"Ostercamp Coswig"},"content":{"rendered":"<p><img loading=\"lazy\" class=\"alignright size-medium wp-image-3523\" src=\"http:\/\/mxhoch3.de\/wp-content\/uploads\/2023\/04\/Bild-1-168x300.jpg\" alt=\"\" width=\"168\" height=\"300\" srcset=\"https:\/\/mxhoch3.de\/wp-content\/uploads\/2023\/04\/Bild-1-168x300.jpg 168w, https:\/\/mxhoch3.de\/wp-content\/uploads\/2023\/04\/Bild-1-575x1024.jpg 575w, https:\/\/mxhoch3.de\/wp-content\/uploads\/2023\/04\/Bild-1-768x1367.jpg 768w, https:\/\/mxhoch3.de\/wp-content\/uploads\/2023\/04\/Bild-1.jpg 843w\" sizes=\"(max-width: 168px) 100vw, 168px\" \/>Kurz und Knapp veranstalten wir 3 Tage Ostercamp in Coswig, es sind kaum Strecken befahrbar und der Verein versucht die Strecke hinzubekommen. Wir haben die Strecke exklusiv gemietet vom 4. bis 6.April. Die Strecke ist sandig bis Sand. Wahrscheinlich wird es bist Ostern mit die einzige Strecke sein, wo man trainieren kann. Wer noch fit gemacht werden m\u00f6chte f\u00fcr die ersten Rennen, sollte die 3 Tage nicht verpassen. Es sind alle eingeladen die Spa\u00df am MX haben, egal ob jung oder alt, Anf\u00e4nger oder Fortgeschritten.<\/p>\n<p>4. -6. April<\/p>\n<p>Kosten 205\u20ac f\u00fcr den Lehrgang und 75\u20ac f\u00fcr die Strecke<\/p>\n<blockquote><p><a href=\"https:\/\/forms.gle\/Wf7gifcCrkGDRqjw8\">&gt;&gt;&gt; hier geht es zur Anmeldung&lt;&lt;&lt;<\/a><\/p><\/blockquote>\n<p>Euer Stefan<\/p>\n","protected":false},"excerpt":{"rendered":"<p>Kurz und Knapp veranstalten wir 3 Tage Ostercamp in Coswig, es sind kaum Strecken befahrbar und der Verein versucht die Strecke hinzubekommen. Wir haben die Strecke exklusiv gemietet vom 4. bis 6.April. Die Strecke ist sandig bis Sand. Wahrscheinlich wird es bist Ostern mit die einzige Strecke sein, wo man trainieren kann. Wer noch fit [&hellip;]<\/p>\n","protected":false},"author":2,"featured_media":0,"parent":0,"menu_order":0,"comment_status":"closed","ping_status":"closed","template":"page_with_sidebar.php","meta":{"_mc_calendar":[]},"_links":{"self":[{"href":"https:\/\/mxhoch3.de\/index.php?rest_route=\/wp\/v2\/pages\/3518"}],"collection":[{"href":"https:\/\/mxhoch3.de\/index.php?rest_route=\/wp\/v2\/pages"}],"about":[{"href":"https:\/\/mxhoch3.de\/index.php?rest_route=\/wp\/v2\/types\/page"}],"author":[{"embeddable":true,"href":"https:\/\/mxhoch3.de\/index.php?rest_route=\/wp\/v2\/users\/2"}],"replies":[{"embeddable":true,"href":"https:\/\/mxhoch3.de\/index.php?rest_route=%2Fwp%2Fv2%2Fcomments&post=3518"}],"version-history":[{"count":4,"href":"https:\/\/mxhoch3.de\/index.php?rest_route=\/wp\/v2\/pages\/3518\/revisions"}],"predecessor-version":[{"id":3524,"href":"https:\/\/mxhoch3.de\/index.php?rest_route=\/wp\/v2\/pages\/3518\/revisions\/3524"}],"wp:attachment":[{"href":"https:\/\/mxhoch3.de\/index.php?rest_route=%2Fwp%2Fv2%2Fmedia&parent=3518"}],"curies":[{"name":"wp","href":"https:\/\/api.w.org\/{rel}","templated":true}]}}