{"id":3668,"date":"2024-01-22T15:35:15","date_gmt":"2024-01-22T15:35:15","guid":{"rendered":"http:\/\/mxhoch3.de\/?page_id=3668"},"modified":"2024-02-02T09:29:01","modified_gmt":"2024-02-02T09:29:01","slug":"wochenendlehrgang-in-bad-salzungen","status":"publish","type":"page","link":"https:\/\/mxhoch3.de\/?page_id=3668","title":{"rendered":"Wochenendlehrgang in Bad Salzungen"},"content":{"rendered":"<p><a href=\"http:\/\/mxhoch3.de\/wp-content\/uploads\/2024\/01\/Strecke-1.jpg\" rel=\"lightbox[3668]\"><img loading=\"lazy\" class=\"alignright size-medium wp-image-3669\" src=\"http:\/\/mxhoch3.de\/wp-content\/uploads\/2024\/01\/Strecke-1-300x225.jpg\" alt=\"\" width=\"300\" height=\"225\" srcset=\"https:\/\/mxhoch3.de\/wp-content\/uploads\/2024\/01\/Strecke-1-300x225.jpg 300w, https:\/\/mxhoch3.de\/wp-content\/uploads\/2024\/01\/Strecke-1-1024x768.jpg 1024w, https:\/\/mxhoch3.de\/wp-content\/uploads\/2024\/01\/Strecke-1-768x576.jpg 768w, https:\/\/mxhoch3.de\/wp-content\/uploads\/2024\/01\/Strecke-1.jpg 1080w\" sizes=\"(max-width: 300px) 100vw, 300px\" \/><\/a>Wieder zur\u00fcck nach Th\u00fcringen und zu ener bekannten Strecke &#8211; nach Bad Salzungen. Der Verein hat neben der Naturstrecke die hoch und runter geht, lange und engere Kurven hat auch im Fahrerlager aufger\u00fcstet. Dort stehen Sanit\u00e4r-Container wo Duschen und Toiletten drin sind, die wir mit benutzen d\u00fcrfen. Das Training richtet sich f\u00fcr alle die Spa\u00df am Motocross haben, egal ob Gro\u00df oder Klein, Anf\u00e4nger und Fortgeschritten. Samstag machen wir dann noch eine Video-Auswertung die das ganze perfekt abrundet.<\/p>\n<p>Kosten sind insgesamt 180\u20ac f\u00fcr den Lehrgang am 8.\/9. Juni 2024.<\/p>\n<p>Also worauf wartet Ihr denn noch,<\/p>\n<blockquote><p><a href=\"https:\/\/forms.gle\/3fC4zUygDdvuxUXD7\">&gt;&gt;hier geht es zur Anmeldung&lt;&lt;&lt;<\/a><\/p><\/blockquote>\n<p>bis bad<\/p>\n<p>Euer Stefan<\/p>\n<p>&nbsp;<\/p>\n<p>&nbsp;<\/p>\n","protected":false},"excerpt":{"rendered":"<p>Wieder zur\u00fcck nach Th\u00fcringen und zu ener bekannten Strecke &#8211; nach Bad Salzungen. Der Verein hat neben der Naturstrecke die hoch und runter geht, lange und engere Kurven hat auch im Fahrerlager aufger\u00fcstet. Dort stehen Sanit\u00e4r-Container wo Duschen und Toiletten drin sind, die wir mit benutzen d\u00fcrfen. Das Training richtet sich f\u00fcr alle die Spa\u00df [&hellip;]<\/p>\n","protected":false},"author":2,"featured_media":0,"parent":0,"menu_order":0,"comment_status":"closed","ping_status":"closed","template":"page_with_sidebar.php","meta":{"_mc_calendar":[]},"_links":{"self":[{"href":"https:\/\/mxhoch3.de\/index.php?rest_route=\/wp\/v2\/pages\/3668"}],"collection":[{"href":"https:\/\/mxhoch3.de\/index.php?rest_route=\/wp\/v2\/pages"}],"about":[{"href":"https:\/\/mxhoch3.de\/index.php?rest_route=\/wp\/v2\/types\/page"}],"author":[{"embeddable":true,"href":"https:\/\/mxhoch3.de\/index.php?rest_route=\/wp\/v2\/users\/2"}],"replies":[{"embeddable":true,"href":"https:\/\/mxhoch3.de\/index.php?rest_route=%2Fwp%2Fv2%2Fcomments&post=3668"}],"version-history":[{"count":6,"href":"https:\/\/mxhoch3.de\/index.php?rest_route=\/wp\/v2\/pages\/3668\/revisions"}],"predecessor-version":[{"id":3693,"href":"https:\/\/mxhoch3.de\/index.php?rest_route=\/wp\/v2\/pages\/3668\/revisions\/3693"}],"wp:attachment":[{"href":"https:\/\/mxhoch3.de\/index.php?rest_route=%2Fwp%2Fv2%2Fmedia&parent=3668"}],"curies":[{"name":"wp","href":"https:\/\/api.w.org\/{rel}","templated":true}]}}