{"id":890,"date":"2012-11-06T14:37:22","date_gmt":"2012-11-06T14:37:22","guid":{"rendered":"http:\/\/mxhoch3.de\/?page_id=890"},"modified":"2025-12-01T15:24:37","modified_gmt":"2025-12-01T15:24:37","slug":"mxhoch3-kidstraining-201213","status":"publish","type":"page","link":"https:\/\/mxhoch3.de\/?page_id=890","title":{"rendered":"MX3 Kidstraining 2025\/26"},"content":{"rendered":"<p><a href=\"http:\/\/mxhoch3.de\/wp-content\/uploads\/2011\/11\/mx_for_kids1.jpg\" rel=\"lightbox[890]\"><img loading=\"lazy\" class=\"alignright size-medium wp-image-695\" src=\"http:\/\/mxhoch3.de\/wp-content\/uploads\/2011\/11\/mx_for_kids1-300x286.jpg\" alt=\"mx_for_kids1\" width=\"300\" height=\"286\" srcset=\"https:\/\/mxhoch3.de\/wp-content\/uploads\/2011\/11\/mx_for_kids1-300x286.jpg 300w, https:\/\/mxhoch3.de\/wp-content\/uploads\/2011\/11\/mx_for_kids1.jpg 499w\" sizes=\"(max-width: 300px) 100vw, 300px\" \/><\/a>Das Kidstraining hat sich \u00fcber die Jahre bew\u00e4hrt und die Anfragen dieses Jahr waren auch schon da. Im November lassen wir es noch ruhig angehen, die Saison 2025 ausklingen und Ruhe tanken. Aber ab Ende November werde ich wieder die Kids durch Techniken fit machen.<\/p>\n<p>Die Termine sind<\/p>\n<p>November 2025:\u00a0\u00a0\u00a0\u00a0 Fr.21.<\/p>\n<p>Dezember 2025:\u00a0\u00a0\u00a0\u00a0\u00a0 Fr.12. \/ Fr.19.<\/p>\n<p>Januar 2026 : \u00a0 \u00a0\u00a0\u00a0\u00a0\u00a0\u00a0 Fr.9. \/ Fr.16. \/ Fr.30.<\/p>\n<p>Februar 2026: \u00a0 \u00a0 \u00a0 \u00a0 Fr.6. \/ Fr.27.<\/p>\n<p>&nbsp;<\/p>\n<p>Zu den Kidstraining bleibt die Halle f\u00fcr den \u00f6ffentlichen Trainingsbetrieb geschlossen!!!<\/p>\n<p>Die Trainings finden immer Freitag statt, damit wir auch bis 19 Uhr trainieren und die Kids den n\u00e4chsten Tag ausschlafen k\u00f6nnen. Es werden Grundtechnicken in <a href=\"http:\/\/mxhoch3.de\/wp-content\/uploads\/2012\/11\/6.jpg\" rel=\"lightbox[890]\"><img loading=\"lazy\" class=\"alignright size-medium wp-image-1460\" src=\"http:\/\/mxhoch3.de\/wp-content\/uploads\/2012\/11\/6-300x200.jpg\" alt=\"6\" width=\"300\" height=\"200\" srcset=\"https:\/\/mxhoch3.de\/wp-content\/uploads\/2012\/11\/6-300x200.jpg 300w, https:\/\/mxhoch3.de\/wp-content\/uploads\/2012\/11\/6-1024x684.jpg 1024w, https:\/\/mxhoch3.de\/wp-content\/uploads\/2012\/11\/6-96x64.jpg 96w, https:\/\/mxhoch3.de\/wp-content\/uploads\/2012\/11\/6-38x25.jpg 38w, https:\/\/mxhoch3.de\/wp-content\/uploads\/2012\/11\/6-321x215.jpg 321w, https:\/\/mxhoch3.de\/wp-content\/uploads\/2012\/11\/6-128x85.jpg 128w, https:\/\/mxhoch3.de\/wp-content\/uploads\/2012\/11\/6.jpg 1600w\" sizes=\"(max-width: 300px) 100vw, 300px\" \/><\/a>Kurven\/Beschleunigen\/Anbremsen\/Springen\/Zweikampf gelehrt. Nat\u00fcrlich je nach Leistungsstand der Kids. So wie auch in der Vergangenheit sollte auch 2 Gruppen gemacht werden, denn nach der Schule geht auch nicht mehr 100%. Trainingsbeginn ist 15 uhr , wo sich die Kids einfahren sollten und sich aufw\u00e4rmen. Ab 16 Uhr stehen dann die Gruppen an den Start und es wird auf Fahrtechnik hingearbeitet! Kosten f\u00fcr das Training \u00a0inklusive Streckengeb\u00fchr sind 49\u20ac pro Teilnahme eines Trainings. Sinn ist nat\u00fcrlich die Kinder jeden Freitag zu sehen um den Fortschritt zu kontrollieren. Der Beitrag beinhaltet auch die Streckengeb\u00fchr. Wer da nicht mitmacht ist selber Schuld!!!<\/p>\n<p>Was bedeutet MX3-Kidstraining, Kids bis 18 Jahre, egal ob 125ccm oder 250\/4 Takt sind willkommen, selbst wenn er schon 19 sein sollte werden wir keinen ausgrenzen und kann gerne mit teilnehmen!<\/p>\n<p>Veranstaltungsort ist die Motocrosshalle Trebra.<\/p>\n<p>Anmeldung direkt gibt es nicht. Wer am Freitag da ist kann mitmachen. So einfach! Es kann sich nat\u00fcrlich noch genauer informiert werden unter Stefan 0163 1647488. Wenn ein Schneesturm oder \u00e4hnliches ist was die Anreise unm\u00f6glich macht, wird das Training nat\u00fcrlich nachgeholt oder eine andere L\u00f6sung gefunden!<\/p>\n<p>Euer Stefan<\/p>\n","protected":false},"excerpt":{"rendered":"<p>Das Kidstraining hat sich \u00fcber die Jahre bew\u00e4hrt und die Anfragen dieses Jahr waren auch schon da. Im November lassen wir es noch ruhig angehen, die Saison 2025 ausklingen und Ruhe tanken. Aber ab Ende November werde ich wieder die Kids durch Techniken fit machen. Die Termine sind November 2025:\u00a0\u00a0\u00a0\u00a0 Fr.21. Dezember 2025:\u00a0\u00a0\u00a0\u00a0\u00a0 Fr.12. \/ [&hellip;]<\/p>\n","protected":false},"author":2,"featured_media":0,"parent":0,"menu_order":0,"comment_status":"open","ping_status":"closed","template":"page_with_sidebar.php","meta":{"_mc_calendar":[]},"_links":{"self":[{"href":"https:\/\/mxhoch3.de\/index.php?rest_route=\/wp\/v2\/pages\/890"}],"collection":[{"href":"https:\/\/mxhoch3.de\/index.php?rest_route=\/wp\/v2\/pages"}],"about":[{"href":"https:\/\/mxhoch3.de\/index.php?rest_route=\/wp\/v2\/types\/page"}],"author":[{"embeddable":true,"href":"https:\/\/mxhoch3.de\/index.php?rest_route=\/wp\/v2\/users\/2"}],"replies":[{"embeddable":true,"href":"https:\/\/mxhoch3.de\/index.php?rest_route=%2Fwp%2Fv2%2Fcomments&post=890"}],"version-history":[{"count":38,"href":"https:\/\/mxhoch3.de\/index.php?rest_route=\/wp\/v2\/pages\/890\/revisions"}],"predecessor-version":[{"id":4013,"href":"https:\/\/mxhoch3.de\/index.php?rest_route=\/wp\/v2\/pages\/890\/revisions\/4013"}],"wp:attachment":[{"href":"https:\/\/mxhoch3.de\/index.php?rest_route=%2Fwp%2Fv2%2Fmedia&parent=890"}],"curies":[{"name":"wp","href":"https:\/\/api.w.org\/{rel}","templated":true}]}}